{"id":2531,"date":"2025-03-29T10:55:18","date_gmt":"2025-03-29T10:55:18","guid":{"rendered":"https:\/\/elmensajedelasflores.com\/?page_id=2531"},"modified":"2025-07-18T18:22:01","modified_gmt":"2025-07-18T18:22:01","slug":"catalogo-de-flores-encantadas-preservados","status":"publish","type":"page","link":"https:\/\/elmensajedelasflores.com\/index.php\/catalogo-de-flores-encantadas-preservados\/","title":{"rendered":"Cat\u00e1logo de Flores Encantadas (Preservados)"},"content":{"rendered":"<section class=\"l-section wpb_row height_medium\"><div class=\"l-section-h g-html i-cf\"><div class=\"g-cols offset_small\"><div class=\" one-half bg-secciones pd-2 redondeado\"><div class=\"wpb_text_column \"><div class=\"wpb_wrapper\"><a href=\"https:\/\/elmensajedelasflores.com\/index.php\/producto\/ramo-preservado\/\"><img fetchpriority=\"high\" decoding=\"async\" class=\"alignnone size-medium wp-image-1047 aligncenter\" src=\"https:\/\/elmensajedelasflores.com\/wp-content\/uploads\/2025\/03\/2.1.1.2-Ramo-Preservado-Morado-scaled.jpg\" alt=\"img_ramo_preservado\" width=\"300\" height=\"300\"><\/a><\/p>\n<hr class=\"hr_cat_2_col\" width=\"300px\">\n<h3 class=\"custom bolder\" style=\"text-align: center;\"><a class=\"custom-link\" href=\"https:\/\/elmensajedelasflores.com\/index.php\/producto\/ramo-preservado\/\">Ramos<\/a><\/h3>\n<\/div> <\/div> <\/div><div class=\" one-half bg-secciones pd-2 redondeado\"><div class=\"wpb_text_column \"><div class=\"wpb_wrapper\"><a href=\"https:\/\/elmensajedelasflores.com\/index.php\/producto\/centro-preservado\/\"><img decoding=\"async\" class=\"alignnone size-medium wp-image-1048 aligncenter\" src=\"https:\/\/elmensajedelasflores.com\/wp-content\/uploads\/2025\/03\/2.2.5-Centro-Preservado-Rosa-scaled.jpg\" alt=\"img_centro_preservado\" width=\"300\" height=\"300\"><\/a>\n<hr class=\"hr_cat_2_col\" width=\"300px\">\n<h3 class=\"custom bolder\" style=\"text-align: center;\"><a class=\"custom-link\" href=\"https:\/\/elmensajedelasflores.com\/index.php\/producto\/centro-preservado\/\">Centros<\/a><\/h3>\n<\/div> <\/div> <\/div><\/div><\/div><\/section><section class=\"l-section wpb_row height_medium\"><div class=\"l-section-h g-html i-cf\"><div class=\"g-cols offset_small\"><div class=\" one-half bg-secciones pd-2 redondeado\"><div class=\"wpb_text_column \"><div class=\"wpb_wrapper\"><a href=\"https:\/\/elmensajedelasflores.com\/index.php\/producto\/cuadros-flores-eternas\/\"><img decoding=\"async\" class=\"alignnone size-medium wp-image-1047 aligncenter\" src=\"https:\/\/elmensajedelasflores.com\/wp-content\/uploads\/2025\/06\/IMG_3644-scaled.jpg\" alt=\"img_cuadro_flores_eternas\" width=\"300\" height=\"300\"><\/a>\n<hr class=\"hr_cat_2_col\" width=\"300px\">\n<h3 class=\"custom bolder\" style=\"text-align: center;\"><a class=\"custom-link\" href=\"https:\/\/elmensajedelasflores.com\/index.php\/producto\/cuadros-flores-eternas\/\">Cuadros Flores Eternas<\/a><\/h3>\n<\/div> <\/div> <\/div><div class=\" one-half bg-secciones pd-2 redondeado\"><div class=\"wpb_text_column \"><div class=\"wpb_wrapper\"><a href=\"https:\/\/elmensajedelasflores.com\/index.php\/producto\/ramo-rosa-corazon\/\"><img loading=\"lazy\" decoding=\"async\" class=\"alignnone size-medium wp-image-1048 aligncenter\" src=\"https:\/\/elmensajedelasflores.com\/wp-content\/uploads\/2025\/06\/IMG_3685-scaled.jpg\" alt=\"img_rosa_corazon\" width=\"300\" height=\"300\"><\/a>\n<hr class=\"hr_cat_2_col\" width=\"300px\">\n<h3 class=\"custom bolder\" style=\"text-align: center;\"><a class=\"custom-link\" href=\"https:\/\/elmensajedelasflores.com\/index.php\/producto\/ramo-rosa-corazon\/\">Rosa Coraz\u00f3n<\/a><\/h3>\n<\/div> <\/div> <\/div><\/div><\/div><\/section><section class=\"l-section wpb_row height_medium\"><div class=\"l-section-h g-html i-cf\"><div class=\"g-cols offset_small\"><div class=\" one-half bg-secciones pd-2 redondeado\"><div class=\"wpb_text_column \"><div class=\"wpb_wrapper\"><a href=\"https:\/\/elmensajedelasflores.com\/index.php\/producto\/ramo-preservado-rojo\/\"><img decoding=\"async\" class=\"alignnone size-medium wp-image-1047 aligncenter\" src=\"https:\/\/elmensajedelasflores.com\/wp-content\/uploads\/2025\/07\/IMG_3697_2.jpg\" alt=\"img_ramo_preservado_rojo\" height=\"280\"><\/a>\n<hr class=\"hr_cat_2_col\" width=\"300px\">\n<h3 class=\"custom bolder\" style=\"text-align: center;\"><a class=\"custom-link\" href=\"https:\/\/elmensajedelasflores.com\/index.php\/producto\/ramo-preservado-rojo\/\">Ramo Preservado Rojo<\/a><\/h3>\n<\/div> <\/div> <\/div><div class=\" one-half bg-secciones pd-2 redondeado\"><div class=\"wpb_text_column \"><div class=\"wpb_wrapper\"><a href=\"https:\/\/elmensajedelasflores.com\/index.php\/producto\/cupula_rosa_encantada\/\"><img decoding=\"async\" class=\"alignnone size-medium wp-image-1047 aligncenter rosa_red\" src=\"https:\/\/elmensajedelasflores.com\/wp-content\/uploads\/2025\/04\/3.2.3-Rosa-Encantada-Roja-1.jpg\" alt=\"img_cupula\" height=\"300\"><\/a>\n<hr class=\"hr_cat\" width=\"300px;\/\">\n<h3 class=\"custom bolder\" style=\"text-align: center;\"><a class=\"custom-link\" href=\"https:\/\/elmensajedelasflores.com\/index.php\/producto\/cupula_rosa_encantada\/\">Rosa Encantada<\/a><\/h3>\n<\/div> <\/div> <\/div><\/div><\/div><\/section><section class=\"l-section wpb_row height_medium\"><div class=\"l-section-h g-html i-cf\"><div class=\"g-cols offset_small\"><div class=\" full-width bg-secciones pd-2 redondeado\"><div class=\"wpb_text_column \"><div class=\"wpb_wrapper\">\n<p class=\"custom texto_tyc\"><strong>Puedes consultar nuestros t\u00e9rminos y condiciones\u00a0<a class=\"custom-link\" href=\"https:\/\/elmensajedelasflores.com\/index.php\/terminos-y-condiciones\/\" target=\"_blank\" rel=\"noopener\">aqu\u00ed<\/a><\/strong><\/p>\n<\/div> <\/div> <\/div><\/div><\/div><\/section>\n","protected":false},"excerpt":{"rendered":"Ramos Centros Cuadros Flores Eternas Rosa Coraz\u00f3n Ramo Preservado Rojo Rosa Encantada Puedes consultar nuestros t\u00e9rminos y condiciones&nbsp;aqu\u00ed","protected":false},"author":1,"featured_media":0,"parent":0,"menu_order":0,"comment_status":"closed","ping_status":"closed","template":"","meta":{"jetpack_post_was_ever_published":false,"footnotes":""},"class_list":["post-2531","page","type-page","status-publish","hentry"],"yoast_head":"<!-- This site is optimized with the Yoast SEO plugin v26.7 - https:\/\/yoast.com\/wordpress\/plugins\/seo\/ -->\n<title>Cat\u00e1logo de Flores Encantadas (Preservados) - El Mensaje de las Flores<\/title>\n<meta name=\"description\" content=\"Descubre nuestro cat\u00e1logo de flores encantadas (preservados), tratadas para mantener su belleza y frescura durante a\u00f1os sin cuidados.\" \/>\n<meta name=\"robots\" content=\"index, follow, max-snippet:-1, max-image-preview:large, max-video-preview:-1\" \/>\n<link rel=\"canonical\" href=\"https:\/\/elmensajedelasflores.com\/index.php\/catalogo-de-flores-encantadas-preservados\/\" \/>\n<meta property=\"og:locale\" content=\"es_ES\" \/>\n<meta property=\"og:type\" content=\"article\" \/>\n<meta property=\"og:title\" content=\"Cat\u00e1logo de Flores Encantadas (Preservados) - El Mensaje de las Flores\" \/>\n<meta property=\"og:description\" content=\"Descubre nuestro cat\u00e1logo de flores encantadas (preservados), tratadas para mantener su belleza y frescura durante a\u00f1os sin cuidados.\" \/>\n<meta property=\"og:url\" content=\"https:\/\/elmensajedelasflores.com\/index.php\/catalogo-de-flores-encantadas-preservados\/\" \/>\n<meta property=\"og:site_name\" content=\"El Mensaje de las Flores\" \/>\n<meta property=\"article:publisher\" content=\"https:\/\/www.facebook.com\/ElMensajeDeLasFlores\/\" \/>\n<meta property=\"article:modified_time\" content=\"2025-07-18T18:22:01+00:00\" \/>\n<meta property=\"og:image\" content=\"https:\/\/elmensajedelasflores.com\/wp-content\/uploads\/2025\/03\/2.1.1.2-Ramo-Preservado-Morado-scaled.jpg\" \/>\n<meta name=\"twitter:card\" content=\"summary_large_image\" \/>\n<meta name=\"twitter:label1\" content=\"Tiempo de lectura\" \/>\n\t<meta name=\"twitter:data1\" content=\"1 minuto\" \/>\n<script type=\"application\/ld+json\" class=\"yoast-schema-graph\">{\"@context\":\"https:\/\/schema.org\",\"@graph\":[{\"@type\":\"WebPage\",\"@id\":\"https:\/\/elmensajedelasflores.com\/index.php\/catalogo-de-flores-encantadas-preservados\/\",\"url\":\"https:\/\/elmensajedelasflores.com\/index.php\/catalogo-de-flores-encantadas-preservados\/\",\"name\":\"Cat\u00e1logo de Flores Encantadas (Preservados) - El Mensaje de las Flores\",\"isPartOf\":{\"@id\":\"https:\/\/elmensajedelasflores.com\/#website\"},\"primaryImageOfPage\":{\"@id\":\"https:\/\/elmensajedelasflores.com\/index.php\/catalogo-de-flores-encantadas-preservados\/#primaryimage\"},\"image\":{\"@id\":\"https:\/\/elmensajedelasflores.com\/index.php\/catalogo-de-flores-encantadas-preservados\/#primaryimage\"},\"thumbnailUrl\":\"https:\/\/elmensajedelasflores.com\/wp-content\/uploads\/2025\/03\/2.1.1.2-Ramo-Preservado-Morado-scaled.jpg\",\"datePublished\":\"2025-03-29T10:55:18+00:00\",\"dateModified\":\"2025-07-18T18:22:01+00:00\",\"description\":\"Descubre nuestro cat\u00e1logo de flores encantadas (preservados), tratadas para mantener su belleza y frescura durante a\u00f1os sin cuidados.\",\"breadcrumb\":{\"@id\":\"https:\/\/elmensajedelasflores.com\/index.php\/catalogo-de-flores-encantadas-preservados\/#breadcrumb\"},\"inLanguage\":\"es\",\"potentialAction\":[{\"@type\":\"ReadAction\",\"target\":[\"https:\/\/elmensajedelasflores.com\/index.php\/catalogo-de-flores-encantadas-preservados\/\"]}]},{\"@type\":\"ImageObject\",\"inLanguage\":\"es\",\"@id\":\"https:\/\/elmensajedelasflores.com\/index.php\/catalogo-de-flores-encantadas-preservados\/#primaryimage\",\"url\":\"https:\/\/elmensajedelasflores.com\/wp-content\/uploads\/2025\/03\/2.1.1.2-Ramo-Preservado-Morado-scaled.jpg\",\"contentUrl\":\"https:\/\/elmensajedelasflores.com\/wp-content\/uploads\/2025\/03\/2.1.1.2-Ramo-Preservado-Morado-scaled.jpg\",\"width\":2560,\"height\":2338,\"caption\":\"img_ramo_preservado_morado_2112\"},{\"@type\":\"BreadcrumbList\",\"@id\":\"https:\/\/elmensajedelasflores.com\/index.php\/catalogo-de-flores-encantadas-preservados\/#breadcrumb\",\"itemListElement\":[{\"@type\":\"ListItem\",\"position\":1,\"name\":\"Portada\",\"item\":\"https:\/\/elmensajedelasflores.com\/\"},{\"@type\":\"ListItem\",\"position\":2,\"name\":\"Cat\u00e1logo de Flores Encantadas (Preservados)\"}]},{\"@type\":\"WebSite\",\"@id\":\"https:\/\/elmensajedelasflores.com\/#website\",\"url\":\"https:\/\/elmensajedelasflores.com\/\",\"name\":\"El Mensaje de las Flores\",\"description\":\"Florister\u00eda en M\u00f3stoles\",\"publisher\":{\"@id\":\"https:\/\/elmensajedelasflores.com\/#organization\"},\"potentialAction\":[{\"@type\":\"SearchAction\",\"target\":{\"@type\":\"EntryPoint\",\"urlTemplate\":\"https:\/\/elmensajedelasflores.com\/?s={search_term_string}\"},\"query-input\":{\"@type\":\"PropertyValueSpecification\",\"valueRequired\":true,\"valueName\":\"search_term_string\"}}],\"inLanguage\":\"es\"},{\"@type\":\"Organization\",\"@id\":\"https:\/\/elmensajedelasflores.com\/#organization\",\"name\":\"El mensaje de las flores\",\"url\":\"https:\/\/elmensajedelasflores.com\/\",\"logo\":{\"@type\":\"ImageObject\",\"inLanguage\":\"es\",\"@id\":\"https:\/\/elmensajedelasflores.com\/#\/schema\/logo\/image\/\",\"url\":\"https:\/\/elmensajedelasflores.com\/wp-content\/uploads\/2019\/07\/logo-e1740401392373.jpg\",\"contentUrl\":\"https:\/\/elmensajedelasflores.com\/wp-content\/uploads\/2019\/07\/logo-e1740401392373.jpg\",\"width\":367,\"height\":237,\"caption\":\"El mensaje de las flores\"},\"image\":{\"@id\":\"https:\/\/elmensajedelasflores.com\/#\/schema\/logo\/image\/\"},\"sameAs\":[\"https:\/\/www.facebook.com\/ElMensajeDeLasFlores\/\",\"https:\/\/www.instagram.com\/el_mensaje_de_las_flores\/\"]}]}<\/script>\n<!-- \/ Yoast SEO plugin. -->","yoast_head_json":{"title":"Cat\u00e1logo de Flores Encantadas (Preservados) - El Mensaje de las Flores","description":"Descubre nuestro cat\u00e1logo de flores encantadas (preservados), tratadas para mantener su belleza y frescura durante a\u00f1os sin cuidados.","robots":{"index":"index","follow":"follow","max-snippet":"max-snippet:-1","max-image-preview":"max-image-preview:large","max-video-preview":"max-video-preview:-1"},"canonical":"https:\/\/elmensajedelasflores.com\/index.php\/catalogo-de-flores-encantadas-preservados\/","og_locale":"es_ES","og_type":"article","og_title":"Cat\u00e1logo de Flores Encantadas (Preservados) - El Mensaje de las Flores","og_description":"Descubre nuestro cat\u00e1logo de flores encantadas (preservados), tratadas para mantener su belleza y frescura durante a\u00f1os sin cuidados.","og_url":"https:\/\/elmensajedelasflores.com\/index.php\/catalogo-de-flores-encantadas-preservados\/","og_site_name":"El Mensaje de las Flores","article_publisher":"https:\/\/www.facebook.com\/ElMensajeDeLasFlores\/","article_modified_time":"2025-07-18T18:22:01+00:00","og_image":[{"url":"https:\/\/elmensajedelasflores.com\/wp-content\/uploads\/2025\/03\/2.1.1.2-Ramo-Preservado-Morado-scaled.jpg","type":"","width":"","height":""}],"twitter_card":"summary_large_image","twitter_misc":{"Tiempo de lectura":"1 minuto"},"schema":{"@context":"https:\/\/schema.org","@graph":[{"@type":"WebPage","@id":"https:\/\/elmensajedelasflores.com\/index.php\/catalogo-de-flores-encantadas-preservados\/","url":"https:\/\/elmensajedelasflores.com\/index.php\/catalogo-de-flores-encantadas-preservados\/","name":"Cat\u00e1logo de Flores Encantadas (Preservados) - El Mensaje de las Flores","isPartOf":{"@id":"https:\/\/elmensajedelasflores.com\/#website"},"primaryImageOfPage":{"@id":"https:\/\/elmensajedelasflores.com\/index.php\/catalogo-de-flores-encantadas-preservados\/#primaryimage"},"image":{"@id":"https:\/\/elmensajedelasflores.com\/index.php\/catalogo-de-flores-encantadas-preservados\/#primaryimage"},"thumbnailUrl":"https:\/\/elmensajedelasflores.com\/wp-content\/uploads\/2025\/03\/2.1.1.2-Ramo-Preservado-Morado-scaled.jpg","datePublished":"2025-03-29T10:55:18+00:00","dateModified":"2025-07-18T18:22:01+00:00","description":"Descubre nuestro cat\u00e1logo de flores encantadas (preservados), tratadas para mantener su belleza y frescura durante a\u00f1os sin cuidados.","breadcrumb":{"@id":"https:\/\/elmensajedelasflores.com\/index.php\/catalogo-de-flores-encantadas-preservados\/#breadcrumb"},"inLanguage":"es","potentialAction":[{"@type":"ReadAction","target":["https:\/\/elmensajedelasflores.com\/index.php\/catalogo-de-flores-encantadas-preservados\/"]}]},{"@type":"ImageObject","inLanguage":"es","@id":"https:\/\/elmensajedelasflores.com\/index.php\/catalogo-de-flores-encantadas-preservados\/#primaryimage","url":"https:\/\/elmensajedelasflores.com\/wp-content\/uploads\/2025\/03\/2.1.1.2-Ramo-Preservado-Morado-scaled.jpg","contentUrl":"https:\/\/elmensajedelasflores.com\/wp-content\/uploads\/2025\/03\/2.1.1.2-Ramo-Preservado-Morado-scaled.jpg","width":2560,"height":2338,"caption":"img_ramo_preservado_morado_2112"},{"@type":"BreadcrumbList","@id":"https:\/\/elmensajedelasflores.com\/index.php\/catalogo-de-flores-encantadas-preservados\/#breadcrumb","itemListElement":[{"@type":"ListItem","position":1,"name":"Portada","item":"https:\/\/elmensajedelasflores.com\/"},{"@type":"ListItem","position":2,"name":"Cat\u00e1logo de Flores Encantadas (Preservados)"}]},{"@type":"WebSite","@id":"https:\/\/elmensajedelasflores.com\/#website","url":"https:\/\/elmensajedelasflores.com\/","name":"El Mensaje de las Flores","description":"Florister\u00eda en M\u00f3stoles","publisher":{"@id":"https:\/\/elmensajedelasflores.com\/#organization"},"potentialAction":[{"@type":"SearchAction","target":{"@type":"EntryPoint","urlTemplate":"https:\/\/elmensajedelasflores.com\/?s={search_term_string}"},"query-input":{"@type":"PropertyValueSpecification","valueRequired":true,"valueName":"search_term_string"}}],"inLanguage":"es"},{"@type":"Organization","@id":"https:\/\/elmensajedelasflores.com\/#organization","name":"El mensaje de las flores","url":"https:\/\/elmensajedelasflores.com\/","logo":{"@type":"ImageObject","inLanguage":"es","@id":"https:\/\/elmensajedelasflores.com\/#\/schema\/logo\/image\/","url":"https:\/\/elmensajedelasflores.com\/wp-content\/uploads\/2019\/07\/logo-e1740401392373.jpg","contentUrl":"https:\/\/elmensajedelasflores.com\/wp-content\/uploads\/2019\/07\/logo-e1740401392373.jpg","width":367,"height":237,"caption":"El mensaje de las flores"},"image":{"@id":"https:\/\/elmensajedelasflores.com\/#\/schema\/logo\/image\/"},"sameAs":["https:\/\/www.facebook.com\/ElMensajeDeLasFlores\/","https:\/\/www.instagram.com\/el_mensaje_de_las_flores\/"]}]}},"jetpack_sharing_enabled":true,"jetpack_shortlink":"https:\/\/wp.me\/P9XC7n-EP","_links":{"self":[{"href":"https:\/\/elmensajedelasflores.com\/index.php\/wp-json\/wp\/v2\/pages\/2531","targetHints":{"allow":["GET"]}}],"collection":[{"href":"https:\/\/elmensajedelasflores.com\/index.php\/wp-json\/wp\/v2\/pages"}],"about":[{"href":"https:\/\/elmensajedelasflores.com\/index.php\/wp-json\/wp\/v2\/types\/page"}],"author":[{"embeddable":true,"href":"https:\/\/elmensajedelasflores.com\/index.php\/wp-json\/wp\/v2\/users\/1"}],"replies":[{"embeddable":true,"href":"https:\/\/elmensajedelasflores.com\/index.php\/wp-json\/wp\/v2\/comments?post=2531"}],"version-history":[{"count":25,"href":"https:\/\/elmensajedelasflores.com\/index.php\/wp-json\/wp\/v2\/pages\/2531\/revisions"}],"predecessor-version":[{"id":2844,"href":"https:\/\/elmensajedelasflores.com\/index.php\/wp-json\/wp\/v2\/pages\/2531\/revisions\/2844"}],"wp:attachment":[{"href":"https:\/\/elmensajedelasflores.com\/index.php\/wp-json\/wp\/v2\/media?parent=2531"}],"curies":[{"name":"wp","href":"https:\/\/api.w.org\/{rel}","templated":true}]}}