{"id":2881,"date":"2025-11-12T00:00:07","date_gmt":"2025-11-12T00:00:07","guid":{"rendered":"https:\/\/elmensajedelasflores.com\/?page_id=2881"},"modified":"2025-11-12T12:38:53","modified_gmt":"2025-11-12T12:38:53","slug":"aviso-legal","status":"publish","type":"page","link":"https:\/\/elmensajedelasflores.com\/index.php\/aviso-legal\/","title":{"rendered":"Aviso Legal"},"content":{"rendered":"<section class=\"l-section wpb_row height_medium\"><div class=\"l-section-h g-html i-cf\"><div class=\"g-cols offset_small\"><div class=\" full-width bg-secciones pd-2 redondeado\"><div class=\"wpb_text_column \"><div class=\"wpb_wrapper\">\n<\/p><h1 class=\"custom bolder bg-white pd-2\" style=\"text-align: center;\">AVISO LEGAL<\/h1>\n<div class=\"m-tb\">\n<p class=\"custom lectura\" style=\"text-align: justify;\">El presente texto contiene el aviso legal (en adelante, las \u00abCONDICIONES\u00bb) que ha sido elaborado en cumplimiento de la Ley 34\/2002, de 11 de julio, de Servicios de la Sociedad de la Informaci\u00f3n y del Comercio Electr\u00f3nico, con la finalidad de regular el acceso y uso al presente sitio web <a href=\"https:\/\/elmensajedelasflores.com\/\">elmensajedelasflores.com<\/a> (en adelante, la \u00abP\u00c1GINA WEB\u00bb).<\/p>\n<\/div>\n<div class=\"m-tb\">\n<h3 class=\"custom bolder\" style=\"text-align: justify;\">Informaci\u00f3n de Contacto<\/h3>\n<p class=\"custom lectura\" style=\"text-align: justify;\">Los datos identificativos y de contacto del titular y responsable de la P\u00c1GINA WEB son los que figuran a continuaci\u00f3n:<\/p>\n<ul>\n<li class=\"custom lectura\" style=\"text-align: justify;\">Angel Jes\u00fas de Bustos Fern\u00e1ndez (en adelante \u00abEL MENSAJE DE LAS FLORES\u00bb)<\/li>\n<li class=\"custom lectura\" style=\"text-align: justify;\">N\u00famero de Identificaci\u00f3n NIF: 20251491Z<\/li>\n<li class=\"custom lectura\" style=\"text-align: justify;\">Direcci\u00f3n Comercial: Calle Camino de Humanes, n\u00ba 41, M\u00f3stoles, provincia de Madrid, con c\u00f3digo postal 28938, Espa\u00f1a<\/li>\n<li class=\"custom lectura\" style=\"text-align: justify;\">Email: <a href=\"mailto:info@elmensajedelasflores.com\">info@elmensajedelasflores.com<\/a><\/li>\n<\/ul>\n<h3 class=\"custom bolder\" style=\"text-align: justify;\">Acceso y Utilizaci\u00f3n de la P\u00e1gina Web<\/h3>\n<p class=\"custom lectura\" style=\"text-align: justify;\">El acceso y utilizaci\u00f3n de la P\u00c1GINA WEB est\u00e1 sujeto y, en consecuencia, se regir\u00e1 por todo lo dispuesto en las presentes CONDICIONES, sin perjuicio de las condiciones particulares que sean de aplicaci\u00f3n a servicios concretos incluidos en la misma.<\/p>\n<p class=\"custom lectura\" style=\"text-align: justify;\">El mero acceso y la utilizaci\u00f3n de la P\u00c1GINA WEB atribuye la condici\u00f3n de usuario (en adelante, el \u00abUSUARIO\u00bb en singular, y los \u00abUSUARIOS\u00bb en plural) de la P\u00c1GINA WEB y comporta la aceptaci\u00f3n plena y sin reservas por parte del USUARIO, del total contenido de las CONDICIONES en la versi\u00f3n publicada en la P\u00c1GINA WEB en el momento de dicho acceso.<\/p>\n<h3 class=\"custom bolder\" style=\"text-align: justify;\">Actualizaci\u00f3n<\/h3>\n<p class=\"custom lectura\" style=\"text-align: justify;\">Nos reservamos la facultad de modificar y actualizar la informaci\u00f3n contenida en la P\u00c1GINA WEB, as\u00ed como en las presentes CONDICIONES, en cualquier momento y sin necesidad de previo aviso, siendo responsabilidad del USUARIO revisarlas en el momento de cada acceso y\/o utilizaci\u00f3n, puesto que, la utilizaci\u00f3n de los servicios significar\u00e1 su aceptaci\u00f3n en la versi\u00f3n de las CONDICIONES que sean vigentes en el momento de uso o contrataci\u00f3n.<\/p>\n<h3 class=\"custom bolder\" style=\"text-align: justify;\">Obligaciones del Usuario<\/h3>\n<p class=\"custom lectura\" style=\"text-align: justify;\">El USUARIO declara y se obliga a que toda la informaci\u00f3n por \u00e9l suministrada en el curso de la utilizaci\u00f3n de la P\u00c1GINA WEB sea cierta, verdadera, completa, precisa y que est\u00e9 autorizado para divulgarla.<\/p>\n<p class=\"custom lectura\" style=\"text-align: justify;\">El USUARIO se compromete a utilizar la P\u00c1GINA WEB de conformidad con la legislaci\u00f3n vigente, con lo dispuesto en las CONDICIONES, as\u00ed como con la moral, la buena fe y el orden p\u00fablico.<\/p>\n<p class=\"custom lectura\" style=\"text-align: justify;\">El USUARIO se obliga a abstenerse de utilizar la P\u00c1GINA WEB con fines il\u00edcitos, contrarios a lo establecido en las CONDICIONES, o de forma lesiva para los derechos e intereses de EL MENSAJE DE LAS FLORES de terceros.<\/p>\n<p class=\"custom lectura\" style=\"text-align: justify;\">EL MENSAJE DE LAS FLORES se reserva el derecho a suspender, interrumpir, denegar o retirar el acceso y\/o utilizaci\u00f3n de su P\u00c1GINA WEB, en cualquier momento y sin necesidad de preaviso, a todo USUARIO que incumpla con la presentes CONDICIONES.<\/p>\n<h3 class=\"custom bolder\" style=\"text-align: justify;\">Responsabilidades de Usuario<\/h3>\n<p class=\"custom lectura\" style=\"text-align: justify;\">El USUARIO deber\u00e1 utilizar la P\u00c1GINA WEB y sus contenidos bajo su \u00fanica y exclusiva responsabilidad. El USUARIO responder\u00e1 por los da\u00f1os y perjuicios de cualquier naturaleza que EL MENSAJE DE LAS FLORES pueda sufrir como consecuencia, directa o indirecta, del incumplimiento por parte del USUARIO de las CONDICIONES.<\/p>\n<h3 class=\"custom bolder\" style=\"text-align: justify;\">Derecho de la Propiedad<\/h3>\n<p class=\"custom lectura\" style=\"text-align: justify;\">Todos los contenidos de la P\u00c1GINA WEB (incluyendo, sin car\u00e1cter limitativo, bases de datos, marcas, logos, nombres comerciales, im\u00e1genes, dibujos, gr\u00e1ficos, archivos de texto, audio, v\u00eddeo y software) son propiedad de EL MENSAJE DE LAS FLORES o EL MENSAJE DE LAS FLORES ha sido debidamente autorizado para su uso, y est\u00e1n protegidos por los correspondientes derechos de propiedad intelectual e industrial.<\/p>\n<h3 class=\"custom bolder\" style=\"text-align: justify;\">Contenidos de Otros Sitios Web<\/h3>\n<p class=\"custom lectura\" style=\"text-align: justify;\">La P\u00c1GINA WEB puede poner a disposici\u00f3n de los USUARIOS enlaces a otros sitios web gestionados por terceros, a trav\u00e9s de dispositivos t\u00e9cnicos tales como, entre otros, enlaces de hipertexto, banners, botones, directorios y cualquier otra herramienta de b\u00fasqueda que permita al USUARIO acceder a sitios web distintos de la P\u00c1GINA WEB o sitios web de terceros (en adelante, \u201cLINKS\u201d). La utilizaci\u00f3n de LINKS no implica que exista dependencia con EL MENSAJE DE LAS FLORES, salvo que se diga expresamente lo contrario, ni supone la aceptaci\u00f3n, aval o recomendaci\u00f3n por parte de EL MENSAJE DE LAS FLORES de los contenidos o servicios por ellos ofrecidos, ni garant\u00eda alguna al USUARIO. Por consiguiente, el USUARIO deber\u00e1 valorar bajo su responsabilidad la navegaci\u00f3n a los otros sitios web a trav\u00e9s de dichos LINKS, quedando EL MENSAJE DE LAS FLORES exonerada de toda responsabilidad en relaci\u00f3n con la informaci\u00f3n, datos, archivos, productos, servicios y cualquier clase de material existente en las p\u00e1ginas a las que se acceda a trav\u00e9s de los LINKS.<\/p>\n<h3 class=\"custom bolder\" style=\"text-align: justify;\">Limitaciones de Responsabilidad<\/h3>\n<p class=\"custom lectura\" style=\"text-align: justify;\">En la medida en que lo permita la legislaci\u00f3n vigente, EL MENSAJE DE LAS FLORES se exime de toda responsabilidad derivada, a t\u00edtulo enunciativo pero no limitativo:<\/p>\n<p class=\"custom lectura\" style=\"text-align: justify;\">De cualquier error, supresi\u00f3n, retraso o anomal\u00eda que se pueda producir en la transmisi\u00f3n y funcionamiento de la P\u00c1GINA WEB, que tengan origen en causas de fuerza mayor o fortuita (ya sean problemas de internet, errores inform\u00e1ticos, aver\u00edas telef\u00f3nicas, hackers, etc.), o que hubiera sido causado por mala fe del USUARIO.<\/p>\n<p class=\"custom lectura\" style=\"text-align: justify;\">De la utilizaci\u00f3n inadecuada que los USUARIOS puedan hacer de la P\u00c1GINA WEB o de las webs de enlace, y que resulten en una infracci\u00f3n de derechos de propiedad intelectual y\/o industrial, o en otros il\u00edcitos civiles o penales.<\/p>\n<p class=\"custom lectura\" style=\"text-align: justify;\">De las reclamaciones de terceros que se deriven del uso indebido por el USUARIO de la P\u00c1GINA WEB.<\/p>\n<p class=\"custom lectura\" style=\"text-align: justify;\">De los actos u omisiones de terceros, con independencia de que \u00e9stos pudieran mantener alguna relaci\u00f3n contractual con EL MENSAJE DE LAS FLORES.<\/p>\n<p class=\"custom lectura\" style=\"text-align: justify;\">Del acceso y uso de la P\u00c1GINA WEB a contenidos no aptos, as\u00ed como el env\u00edo de datos, por parte de menores de edad, sin el consentimiento de los padres o tutores, cuando la Ley as\u00ed lo requiera, siendo responsabilidad de los progenitores o tutores ejercer el control adecuado para que los menores a su cargo eviten el acceso y uso a contenidos no aptos.<\/p>\n<p class=\"custom lectura\" style=\"text-align: justify;\">De los errores u omisiones, o desactualizaci\u00f3n de los contenidos publicados en la P\u00c1GINA WEB.<\/p>\n<p class=\"custom lectura\" style=\"text-align: justify;\">De los datos inciertos, imprecisos, incorrectos o incompletos facilitados por el USUARIO que impidan transmitir los productos o servicios contratados y\/o contactar con el USUARIO.<\/p>\n<p class=\"custom lectura\" style=\"text-align: justify;\">Si cualquier cl\u00e1usula de las presentes CONDICIONES fuese declarada, total o parcialmente, nula o ineficaz, tal nulidad o ineficacia afectar\u00e1 tan s\u00f3lo a dicha disposici\u00f3n o parte de la misma que resulte nula o ineficaz subsistiendo en todo lo dem\u00e1s, el resto de CONDICIONES y teni\u00e9ndose tal disposici\u00f3n o la parte de la misma que resulte afectada por no puesta, salvo que, por resultar esencial a las presentes CONDICIONES, hubiese de afectarlas de forma integral.<\/p>\n<h3 class=\"custom bolder\" style=\"text-align: justify;\">Ley Aplicable<\/h3>\n<p class=\"custom lectura\" style=\"text-align: justify;\">Las presentes CONDICIONES, as\u00ed como, todas aquellas relaciones que puedan surgir entre el USUARIO y EL MENSAJE DE LAS FLORES por el acceso y utilizaci\u00f3n de la P\u00c1GINA WEB, se interpretar\u00e1n y regir\u00e1n de conformidad con la Ley Espa\u00f1ola.<\/p>\n<h3 class=\"custom bolder\" style=\"text-align: justify;\">Otros<\/h3>\n<p class=\"custom lectura\" style=\"text-align: justify;\">Adem\u00e1s de lo citado anteriormente el usuario tiene la posibilidad de visitar el resto de nuestra normativa legal en los siguientes links:<\/p>\n<\/div>\n<\/div> <\/div> <\/div><\/div><\/div><\/section><section class=\"l-section wpb_row height_medium bg-secciones pd-2\"><div class=\"l-section-h g-html i-cf\"><div class=\"g-cols offset_small\"><div class=\" one-third\"><div class=\"w-btn-wrapper align_center\"><a class=\"w-btn style_solid size_small color_primary icon_none\" href=\"https:\/\/elmensajedelasflores.com\/index.php\/politica-de-cookies\/\" title=\"Pol\u00edtica de Cookies\"><span class=\"w-btn-label\">Pol\u00edtica de Cookies<\/span><\/a><\/div><\/div><div class=\" one-third\"><div class=\"w-btn-wrapper align_center\"><a class=\"w-btn style_solid size_small color_primary icon_none\" href=\"https:\/\/elmensajedelasflores.com\/index.php\/politica-de-privacidad\/\" title=\"Pol\u00edtica de Privacidad\"><span class=\"w-btn-label\">Pol\u00edtica de Privacidad<\/span><\/a><\/div><\/div><div class=\" one-third\"><div class=\"w-btn-wrapper align_center\"><a class=\"w-btn style_solid size_small color_primary icon_none\" href=\"https:\/\/elmensajedelasflores.com\/index.php\/terminos-y-condiciones\/\" title=\"T\u00e9rminos y Condiciones\"><span class=\"w-btn-label\">T\u00e9rminos y Condiciones<\/span><\/a><\/div><\/div><\/div><\/div><\/section>\n","protected":false},"excerpt":{"rendered":"AVISO LEGAL El presente texto contiene el aviso legal (en adelante, las \u00abCONDICIONES\u00bb) que ha sido elaborado en cumplimiento de la Ley 34\/2002, de 11 de julio, de Servicios de la Sociedad de la Informaci\u00f3n y del Comercio Electr\u00f3nico, con la finalidad de regular el acceso y uso al presente sitio web elmensajedelasflores.com (en adelante,...","protected":false},"author":2,"featured_media":0,"parent":0,"menu_order":0,"comment_status":"closed","ping_status":"closed","template":"","meta":{"jetpack_post_was_ever_published":false,"footnotes":""},"class_list":["post-2881","page","type-page","status-publish","hentry"],"yoast_head":"<!-- This site is optimized with the Yoast SEO plugin v26.7 - https:\/\/yoast.com\/wordpress\/plugins\/seo\/ -->\n<title>Aviso Legal - El Mensaje de las Flores<\/title>\n<meta name=\"description\" content=\"Consulta el Aviso Legal de nuestra tienda de flores. Inf\u00f3rmate sobre env\u00edos, devoluciones, pagos y el uso de nuestros servicios.\" \/>\n<meta name=\"robots\" content=\"noindex, nofollow\" \/>\n<meta property=\"og:locale\" content=\"es_ES\" \/>\n<meta property=\"og:type\" content=\"article\" \/>\n<meta property=\"og:title\" content=\"Aviso Legal - El Mensaje de las Flores\" \/>\n<meta property=\"og:description\" content=\"Consulta el Aviso Legal de nuestra tienda de flores. Inf\u00f3rmate sobre env\u00edos, devoluciones, pagos y el uso de nuestros servicios.\" \/>\n<meta property=\"og:url\" content=\"https:\/\/elmensajedelasflores.com\/index.php\/aviso-legal\/\" \/>\n<meta property=\"og:site_name\" content=\"El Mensaje de las Flores\" \/>\n<meta property=\"article:publisher\" content=\"https:\/\/www.facebook.com\/ElMensajeDeLasFlores\/\" \/>\n<meta property=\"article:modified_time\" content=\"2025-11-12T12:38:53+00:00\" \/>\n<meta name=\"twitter:card\" content=\"summary_large_image\" \/>\n<meta name=\"twitter:label1\" content=\"Tiempo de lectura\" \/>\n\t<meta name=\"twitter:data1\" content=\"6 minutos\" \/>\n<script type=\"application\/ld+json\" class=\"yoast-schema-graph\">{\"@context\":\"https:\/\/schema.org\",\"@graph\":[{\"@type\":\"WebPage\",\"@id\":\"https:\/\/elmensajedelasflores.com\/index.php\/aviso-legal\/\",\"url\":\"https:\/\/elmensajedelasflores.com\/index.php\/aviso-legal\/\",\"name\":\"Aviso Legal - El Mensaje de las Flores\",\"isPartOf\":{\"@id\":\"https:\/\/elmensajedelasflores.com\/#website\"},\"datePublished\":\"2025-11-12T00:00:07+00:00\",\"dateModified\":\"2025-11-12T12:38:53+00:00\",\"description\":\"Consulta el Aviso Legal de nuestra tienda de flores. Inf\u00f3rmate sobre env\u00edos, devoluciones, pagos y el uso de nuestros servicios.\",\"breadcrumb\":{\"@id\":\"https:\/\/elmensajedelasflores.com\/index.php\/aviso-legal\/#breadcrumb\"},\"inLanguage\":\"es\",\"potentialAction\":[{\"@type\":\"ReadAction\",\"target\":[\"https:\/\/elmensajedelasflores.com\/index.php\/aviso-legal\/\"]}]},{\"@type\":\"BreadcrumbList\",\"@id\":\"https:\/\/elmensajedelasflores.com\/index.php\/aviso-legal\/#breadcrumb\",\"itemListElement\":[{\"@type\":\"ListItem\",\"position\":1,\"name\":\"Portada\",\"item\":\"https:\/\/elmensajedelasflores.com\/\"},{\"@type\":\"ListItem\",\"position\":2,\"name\":\"Aviso Legal\"}]},{\"@type\":\"WebSite\",\"@id\":\"https:\/\/elmensajedelasflores.com\/#website\",\"url\":\"https:\/\/elmensajedelasflores.com\/\",\"name\":\"El Mensaje de las Flores\",\"description\":\"Florister\u00eda en M\u00f3stoles\",\"publisher\":{\"@id\":\"https:\/\/elmensajedelasflores.com\/#organization\"},\"potentialAction\":[{\"@type\":\"SearchAction\",\"target\":{\"@type\":\"EntryPoint\",\"urlTemplate\":\"https:\/\/elmensajedelasflores.com\/?s={search_term_string}\"},\"query-input\":{\"@type\":\"PropertyValueSpecification\",\"valueRequired\":true,\"valueName\":\"search_term_string\"}}],\"inLanguage\":\"es\"},{\"@type\":\"Organization\",\"@id\":\"https:\/\/elmensajedelasflores.com\/#organization\",\"name\":\"El mensaje de las flores\",\"url\":\"https:\/\/elmensajedelasflores.com\/\",\"logo\":{\"@type\":\"ImageObject\",\"inLanguage\":\"es\",\"@id\":\"https:\/\/elmensajedelasflores.com\/#\/schema\/logo\/image\/\",\"url\":\"https:\/\/elmensajedelasflores.com\/wp-content\/uploads\/2019\/07\/logo-e1740401392373.jpg\",\"contentUrl\":\"https:\/\/elmensajedelasflores.com\/wp-content\/uploads\/2019\/07\/logo-e1740401392373.jpg\",\"width\":367,\"height\":237,\"caption\":\"El mensaje de las flores\"},\"image\":{\"@id\":\"https:\/\/elmensajedelasflores.com\/#\/schema\/logo\/image\/\"},\"sameAs\":[\"https:\/\/www.facebook.com\/ElMensajeDeLasFlores\/\",\"https:\/\/www.instagram.com\/el_mensaje_de_las_flores\/\"]}]}<\/script>\n<!-- \/ Yoast SEO plugin. -->","yoast_head_json":{"title":"Aviso Legal - El Mensaje de las Flores","description":"Consulta el Aviso Legal de nuestra tienda de flores. Inf\u00f3rmate sobre env\u00edos, devoluciones, pagos y el uso de nuestros servicios.","robots":{"index":"noindex","follow":"nofollow"},"og_locale":"es_ES","og_type":"article","og_title":"Aviso Legal - El Mensaje de las Flores","og_description":"Consulta el Aviso Legal de nuestra tienda de flores. Inf\u00f3rmate sobre env\u00edos, devoluciones, pagos y el uso de nuestros servicios.","og_url":"https:\/\/elmensajedelasflores.com\/index.php\/aviso-legal\/","og_site_name":"El Mensaje de las Flores","article_publisher":"https:\/\/www.facebook.com\/ElMensajeDeLasFlores\/","article_modified_time":"2025-11-12T12:38:53+00:00","twitter_card":"summary_large_image","twitter_misc":{"Tiempo de lectura":"6 minutos"},"schema":{"@context":"https:\/\/schema.org","@graph":[{"@type":"WebPage","@id":"https:\/\/elmensajedelasflores.com\/index.php\/aviso-legal\/","url":"https:\/\/elmensajedelasflores.com\/index.php\/aviso-legal\/","name":"Aviso Legal - El Mensaje de las Flores","isPartOf":{"@id":"https:\/\/elmensajedelasflores.com\/#website"},"datePublished":"2025-11-12T00:00:07+00:00","dateModified":"2025-11-12T12:38:53+00:00","description":"Consulta el Aviso Legal de nuestra tienda de flores. Inf\u00f3rmate sobre env\u00edos, devoluciones, pagos y el uso de nuestros servicios.","breadcrumb":{"@id":"https:\/\/elmensajedelasflores.com\/index.php\/aviso-legal\/#breadcrumb"},"inLanguage":"es","potentialAction":[{"@type":"ReadAction","target":["https:\/\/elmensajedelasflores.com\/index.php\/aviso-legal\/"]}]},{"@type":"BreadcrumbList","@id":"https:\/\/elmensajedelasflores.com\/index.php\/aviso-legal\/#breadcrumb","itemListElement":[{"@type":"ListItem","position":1,"name":"Portada","item":"https:\/\/elmensajedelasflores.com\/"},{"@type":"ListItem","position":2,"name":"Aviso Legal"}]},{"@type":"WebSite","@id":"https:\/\/elmensajedelasflores.com\/#website","url":"https:\/\/elmensajedelasflores.com\/","name":"El Mensaje de las Flores","description":"Florister\u00eda en M\u00f3stoles","publisher":{"@id":"https:\/\/elmensajedelasflores.com\/#organization"},"potentialAction":[{"@type":"SearchAction","target":{"@type":"EntryPoint","urlTemplate":"https:\/\/elmensajedelasflores.com\/?s={search_term_string}"},"query-input":{"@type":"PropertyValueSpecification","valueRequired":true,"valueName":"search_term_string"}}],"inLanguage":"es"},{"@type":"Organization","@id":"https:\/\/elmensajedelasflores.com\/#organization","name":"El mensaje de las flores","url":"https:\/\/elmensajedelasflores.com\/","logo":{"@type":"ImageObject","inLanguage":"es","@id":"https:\/\/elmensajedelasflores.com\/#\/schema\/logo\/image\/","url":"https:\/\/elmensajedelasflores.com\/wp-content\/uploads\/2019\/07\/logo-e1740401392373.jpg","contentUrl":"https:\/\/elmensajedelasflores.com\/wp-content\/uploads\/2019\/07\/logo-e1740401392373.jpg","width":367,"height":237,"caption":"El mensaje de las flores"},"image":{"@id":"https:\/\/elmensajedelasflores.com\/#\/schema\/logo\/image\/"},"sameAs":["https:\/\/www.facebook.com\/ElMensajeDeLasFlores\/","https:\/\/www.instagram.com\/el_mensaje_de_las_flores\/"]}]}},"jetpack_sharing_enabled":true,"jetpack_shortlink":"https:\/\/wp.me\/P9XC7n-Kt","_links":{"self":[{"href":"https:\/\/elmensajedelasflores.com\/index.php\/wp-json\/wp\/v2\/pages\/2881","targetHints":{"allow":["GET"]}}],"collection":[{"href":"https:\/\/elmensajedelasflores.com\/index.php\/wp-json\/wp\/v2\/pages"}],"about":[{"href":"https:\/\/elmensajedelasflores.com\/index.php\/wp-json\/wp\/v2\/types\/page"}],"author":[{"embeddable":true,"href":"https:\/\/elmensajedelasflores.com\/index.php\/wp-json\/wp\/v2\/users\/2"}],"replies":[{"embeddable":true,"href":"https:\/\/elmensajedelasflores.com\/index.php\/wp-json\/wp\/v2\/comments?post=2881"}],"version-history":[{"count":7,"href":"https:\/\/elmensajedelasflores.com\/index.php\/wp-json\/wp\/v2\/pages\/2881\/revisions"}],"predecessor-version":[{"id":2902,"href":"https:\/\/elmensajedelasflores.com\/index.php\/wp-json\/wp\/v2\/pages\/2881\/revisions\/2902"}],"wp:attachment":[{"href":"https:\/\/elmensajedelasflores.com\/index.php\/wp-json\/wp\/v2\/media?parent=2881"}],"curies":[{"name":"wp","href":"https:\/\/api.w.org\/{rel}","templated":true}]}}