{"id":2895,"date":"2025-11-12T00:00:53","date_gmt":"2025-11-12T00:00:53","guid":{"rendered":"https:\/\/elmensajedelasflores.com\/?page_id=2895"},"modified":"2025-11-12T12:39:30","modified_gmt":"2025-11-12T12:39:30","slug":"politica-de-privacidad","status":"publish","type":"page","link":"https:\/\/elmensajedelasflores.com\/index.php\/politica-de-privacidad\/","title":{"rendered":"Pol\u00edtica de Privacidad"},"content":{"rendered":"<section class=\"l-section wpb_row height_medium\"><div class=\"l-section-h g-html i-cf\"><div class=\"g-cols offset_small\"><div class=\" full-width bg-secciones pd-2 redondeado\"><div class=\"wpb_text_column \"><div class=\"wpb_wrapper\">\n<\/p><h1 class=\"custom bolder bg-white pd-2\" style=\"text-align: center;\">POL\u00cdTICA DE PRIVACIDAD<\/h1>\n<div class=\"m-tb\">\n<p class=\"custom lectura\" style=\"text-align: justify;\">Este texto contiene la pol\u00edtica de privacidad (en adelante, la \u00abPOL\u00cdTICA DE PRIVACIDAD\u00bb) que se aplica a sus datos personales cuando visita nuestra web <a href=\"https:\/\/elmensajedelasflores.com\/\">elmensajedelasflores.com<\/a> (en adelante, la \u00abP\u00c1GINA WEB\u00bb), de conformidad con la legislaci\u00f3n de protecci\u00f3n de privacidad, y en particular, en cumplimiento de la ley org\u00e1nica 15\/1999, de 13 de diciembre, de protecci\u00f3n de datos personales y el real decreto 1720\/2007, de 21 de diciembre, que la desarrolla, as\u00ed como otras leyes an\u00e1logas y adicionales.<\/p>\n<\/div>\n<div class=\"m-tb\">\n<h3 class=\"custom bolder\" style=\"text-align: justify;\">Informaci\u00f3n de Contacto<\/h3>\n<p class=\"custom lectura\" style=\"text-align: justify;\">Los datos identificativos y de contacto del titular y responsable de la P\u00c1GINA WEB son los que figuran a continuaci\u00f3n:<\/p>\n<ul>\n<li class=\"custom lectura\" style=\"text-align: justify;\">Angel Jes\u00fas de Bustos Fern\u00e1ndez (en adelante \u00abEL MENSAJE DE LAS FLORES\u00bb)<\/li>\n<li class=\"custom lectura\" style=\"text-align: justify;\">N\u00famero de Identificaci\u00f3n NIF: 20251491Z<\/li>\n<li class=\"custom lectura\" style=\"text-align: justify;\">Direcci\u00f3n Comercial: Calle Camino de Humanes, n\u00ba 41, M\u00f3stoles, provincia de Madrid, con c\u00f3digo postal 28938, Espa\u00f1a<\/li>\n<li class=\"custom lectura\" style=\"text-align: justify;\">Email: <a href=\"mailto:info@elmensajedelasflores.com\">info@elmensajedelasflores.com<\/a><\/li>\n<\/ul>\n<h3 class=\"custom bolder\" style=\"text-align: justify;\">Objetivo de Recolecci\u00f3n de datos<\/h3>\n<p class=\"custom lectura\" style=\"text-align: justify;\">La P\u00c1GINA WEB recopila datos personales del usuario, ya sea de forma autom\u00e1tica durante el uso de la P\u00c1GINA WEB o proporcionados voluntariamente por el propio usuario en las secciones informadas en la P\u00c1GINA WEB. Incorporaremos todos los datos personales recopilados a los archivos bajo la responsabilidad de EL MENSAJE DE LAS FLORES. Dichos datos ser\u00e1n tratados para los siguientes prop\u00f3sitos:<\/p>\n<p class=\"custom lectura\" style=\"text-align: justify;\">Para enviar comunicaciones publicitarias (en caso de que se autorice expresamente en el momento adecuado) relacionadas con los productos y servicios ofrecidos en la P\u00c1GINA WEB.<\/p>\n<p class=\"custom lectura\" style=\"text-align: justify;\">Para poder contactar con el usuario.<\/p>\n<p class=\"custom lectura\" style=\"text-align: justify;\">Antes de proporcionarnos datos personales de terceros, debe haber obtenido previamente su consentimiento con respecto al contenido de esta POL\u00cdTICA DE PRIVACIDAD.<\/p>\n<p class=\"custom lectura\" style=\"text-align: justify;\">Si voluntariamente nos proporciona datos personales, entendemos que autoriza a EL MENSAJE DE LAS FLORES a procesar sus datos como se especifica en este documento. En caso de que los datos personales proporcionados por el usuario fueran utilizados para fines distintos a los mencionados anteriormente, se solicitar\u00e1 el consentimiento expreso previo del usuario.<\/p>\n<p class=\"custom lectura\" style=\"text-align: justify;\">Para recibir m\u00e1s informaci\u00f3n sobre sus datos personales y los fines del tratamiento, comun\u00edquese con la P\u00c1GINA WEB.<\/p>\n<h3 class=\"custom bolder\" style=\"text-align: justify;\">Seguridad y Cumplimiento<\/h3>\n<p class=\"custom lectura\" style=\"text-align: justify;\">EL MENSAJE DE LAS FLORES tratar\u00e1 los datos de los usuarios de manera adecuada y responsable, y adoptar\u00e1 todas las medidas t\u00e9cnicas y organizativas que las regulaciones vinculantes establezcan con respecto a la protecci\u00f3n de datos para preservar la alteraci\u00f3n, p\u00e9rdida, tratamiento o acceso no autorizado a los datos.<\/p>\n<h3 class=\"custom bolder\" style=\"text-align: justify;\">Servicio de Terceros<\/h3>\n<p class=\"custom lectura\" style=\"text-align: justify;\">Adem\u00e1s de EL MENSAJE DE LAS FLORES, en algunas circunstancias, otras personas, ya sea de nuestra propia organizaci\u00f3n de la empresa o subcontratistas externos (como abogados, agencias de marketing, especialistas en inform\u00e1tica, administraci\u00f3n, empresas de mensajer\u00eda, auditores o agencias de comunicaci\u00f3n) pueden acceder a los datos para proporcionar adecuadamente los servicios al usuario.<\/p>\n<h3 class=\"custom bolder\" style=\"text-align: justify;\">Derechos<\/h3>\n<p class=\"custom lectura\" style=\"text-align: justify;\">Puede ejercer los derechos de acceso, rectificaci\u00f3n, eliminaci\u00f3n y oposici\u00f3n enviando una comunicaci\u00f3n por escrito a la que debe adjuntar una copia de su documento nacional de identidad o pasaporte o cualquier otro documento v\u00e1lido que lo identifique, la petici\u00f3n que ejerce, su direcci\u00f3n para el prop\u00f3sitos de las notificaciones, fecha y su firma, junto con los documentos que respaldan su petici\u00f3n, seg\u00fan sea el caso, a la direcci\u00f3n Calle Camino de Humanes, n\u00ba 41, M\u00f3stoles, provincia de Madrid, con c\u00f3digo postal 28938, Espa\u00f1a o env\u00ede un correo electr\u00f3nico a <a href=\"mailto:info@elmensajedelasflores.com\">info@elmensajedelasflores.com<\/a><\/p>\n<h3 class=\"custom bolder\" style=\"text-align: justify;\">Ley Aplicable<\/h3>\n<p class=\"custom lectura\" style=\"text-align: justify;\">Las presentes CONDICIONES, as\u00ed como, todas aquellas relaciones que puedan surgir entre el USUARIO y EL MENSAJE DE LAS FLORES por el acceso y utilizaci\u00f3n de la P\u00c1GINA WEB, se interpretar\u00e1n y regir\u00e1n de conformidad con la Ley Espa\u00f1ola.<\/p>\n<h3 class=\"custom bolder\" style=\"text-align: justify;\">Otros<\/h3>\n<p class=\"custom lectura\" style=\"text-align: justify;\">Adem\u00e1s de lo citado anteriormente el usuario tiene la posibilidad de visitar el resto de nuestra normativa legal en los siguientes links:<\/p>\n<\/div>\n<\/div> <\/div> <\/div><\/div><\/div><\/section><section class=\"l-section wpb_row height_medium bg-secciones pd-2\"><div class=\"l-section-h g-html i-cf\"><div class=\"g-cols offset_small\"><div class=\" one-third\"><div class=\"w-btn-wrapper align_center\"><a class=\"w-btn style_solid size_small color_primary icon_none\" href=\"https:\/\/elmensajedelasflores.com\/index.php\/politica-de-cookies\/\" title=\"Pol\u00edtica de Cookies\"><span class=\"w-btn-label\">Pol\u00edtica de Cookies<\/span><\/a><\/div><\/div><div class=\" one-third\"><div class=\"w-btn-wrapper align_center\"><a class=\"w-btn style_solid size_small color_primary icon_none\" href=\"https:\/\/elmensajedelasflores.com\/index.php\/aviso-legal\/\" title=\"Aviso Legal\"><span class=\"w-btn-label\">Aviso Legal<\/span><\/a><\/div><\/div><div class=\" one-third\"><div class=\"w-btn-wrapper align_center\"><a class=\"w-btn style_solid size_small color_primary icon_none\" href=\"https:\/\/elmensajedelasflores.com\/index.php\/terminos-y-condiciones\/\" title=\"T\u00e9rminos y Condiciones\"><span class=\"w-btn-label\">T\u00e9rminos y Condiciones<\/span><\/a><\/div><\/div><\/div><\/div><\/section>\n","protected":false},"excerpt":{"rendered":"POL\u00cdTICA DE PRIVACIDAD Este texto contiene la pol\u00edtica de privacidad (en adelante, la \u00abPOL\u00cdTICA DE PRIVACIDAD\u00bb) que se aplica a sus datos personales cuando visita nuestra web elmensajedelasflores.com (en adelante, la \u00abP\u00c1GINA WEB\u00bb), de conformidad con la legislaci\u00f3n de protecci\u00f3n de privacidad, y en particular, en cumplimiento de la ley org\u00e1nica 15\/1999, de 13 de...","protected":false},"author":2,"featured_media":0,"parent":0,"menu_order":0,"comment_status":"closed","ping_status":"closed","template":"","meta":{"jetpack_post_was_ever_published":false,"footnotes":""},"class_list":["post-2895","page","type-page","status-publish","hentry"],"yoast_head":"<!-- This site is optimized with the Yoast SEO plugin v26.7 - https:\/\/yoast.com\/wordpress\/plugins\/seo\/ -->\n<title>Pol\u00edtica de Privacidad - El Mensaje de las Flores<\/title>\n<meta name=\"description\" content=\"Consulta la Pol\u00edtica de Privacidad de nuestra tienda de flores. Inf\u00f3rmate sobre env\u00edos, devoluciones, pagos y el uso de nuestros servicios.\" \/>\n<meta name=\"robots\" content=\"noindex, nofollow\" \/>\n<meta property=\"og:locale\" content=\"es_ES\" \/>\n<meta property=\"og:type\" content=\"article\" \/>\n<meta property=\"og:title\" content=\"Pol\u00edtica de Privacidad - El Mensaje de las Flores\" \/>\n<meta property=\"og:description\" content=\"Consulta la Pol\u00edtica de Privacidad de nuestra tienda de flores. Inf\u00f3rmate sobre env\u00edos, devoluciones, pagos y el uso de nuestros servicios.\" \/>\n<meta property=\"og:url\" content=\"https:\/\/elmensajedelasflores.com\/index.php\/politica-de-privacidad\/\" \/>\n<meta property=\"og:site_name\" content=\"El Mensaje de las Flores\" \/>\n<meta property=\"article:publisher\" content=\"https:\/\/www.facebook.com\/ElMensajeDeLasFlores\/\" \/>\n<meta property=\"article:modified_time\" content=\"2025-11-12T12:39:30+00:00\" \/>\n<meta name=\"twitter:card\" content=\"summary_large_image\" \/>\n<meta name=\"twitter:label1\" content=\"Tiempo de lectura\" \/>\n\t<meta name=\"twitter:data1\" content=\"3 minutos\" \/>\n<script type=\"application\/ld+json\" class=\"yoast-schema-graph\">{\"@context\":\"https:\/\/schema.org\",\"@graph\":[{\"@type\":\"WebPage\",\"@id\":\"https:\/\/elmensajedelasflores.com\/index.php\/politica-de-privacidad\/\",\"url\":\"https:\/\/elmensajedelasflores.com\/index.php\/politica-de-privacidad\/\",\"name\":\"Pol\u00edtica de Privacidad - El Mensaje de las Flores\",\"isPartOf\":{\"@id\":\"https:\/\/elmensajedelasflores.com\/#website\"},\"datePublished\":\"2025-11-12T00:00:53+00:00\",\"dateModified\":\"2025-11-12T12:39:30+00:00\",\"description\":\"Consulta la Pol\u00edtica de Privacidad de nuestra tienda de flores. Inf\u00f3rmate sobre env\u00edos, devoluciones, pagos y el uso de nuestros servicios.\",\"breadcrumb\":{\"@id\":\"https:\/\/elmensajedelasflores.com\/index.php\/politica-de-privacidad\/#breadcrumb\"},\"inLanguage\":\"es\",\"potentialAction\":[{\"@type\":\"ReadAction\",\"target\":[\"https:\/\/elmensajedelasflores.com\/index.php\/politica-de-privacidad\/\"]}]},{\"@type\":\"BreadcrumbList\",\"@id\":\"https:\/\/elmensajedelasflores.com\/index.php\/politica-de-privacidad\/#breadcrumb\",\"itemListElement\":[{\"@type\":\"ListItem\",\"position\":1,\"name\":\"Portada\",\"item\":\"https:\/\/elmensajedelasflores.com\/\"},{\"@type\":\"ListItem\",\"position\":2,\"name\":\"Pol\u00edtica de Privacidad\"}]},{\"@type\":\"WebSite\",\"@id\":\"https:\/\/elmensajedelasflores.com\/#website\",\"url\":\"https:\/\/elmensajedelasflores.com\/\",\"name\":\"El Mensaje de las Flores\",\"description\":\"Florister\u00eda en M\u00f3stoles\",\"publisher\":{\"@id\":\"https:\/\/elmensajedelasflores.com\/#organization\"},\"potentialAction\":[{\"@type\":\"SearchAction\",\"target\":{\"@type\":\"EntryPoint\",\"urlTemplate\":\"https:\/\/elmensajedelasflores.com\/?s={search_term_string}\"},\"query-input\":{\"@type\":\"PropertyValueSpecification\",\"valueRequired\":true,\"valueName\":\"search_term_string\"}}],\"inLanguage\":\"es\"},{\"@type\":\"Organization\",\"@id\":\"https:\/\/elmensajedelasflores.com\/#organization\",\"name\":\"El mensaje de las flores\",\"url\":\"https:\/\/elmensajedelasflores.com\/\",\"logo\":{\"@type\":\"ImageObject\",\"inLanguage\":\"es\",\"@id\":\"https:\/\/elmensajedelasflores.com\/#\/schema\/logo\/image\/\",\"url\":\"https:\/\/elmensajedelasflores.com\/wp-content\/uploads\/2019\/07\/logo-e1740401392373.jpg\",\"contentUrl\":\"https:\/\/elmensajedelasflores.com\/wp-content\/uploads\/2019\/07\/logo-e1740401392373.jpg\",\"width\":367,\"height\":237,\"caption\":\"El mensaje de las flores\"},\"image\":{\"@id\":\"https:\/\/elmensajedelasflores.com\/#\/schema\/logo\/image\/\"},\"sameAs\":[\"https:\/\/www.facebook.com\/ElMensajeDeLasFlores\/\",\"https:\/\/www.instagram.com\/el_mensaje_de_las_flores\/\"]}]}<\/script>\n<!-- \/ Yoast SEO plugin. -->","yoast_head_json":{"title":"Pol\u00edtica de Privacidad - El Mensaje de las Flores","description":"Consulta la Pol\u00edtica de Privacidad de nuestra tienda de flores. Inf\u00f3rmate sobre env\u00edos, devoluciones, pagos y el uso de nuestros servicios.","robots":{"index":"noindex","follow":"nofollow"},"og_locale":"es_ES","og_type":"article","og_title":"Pol\u00edtica de Privacidad - El Mensaje de las Flores","og_description":"Consulta la Pol\u00edtica de Privacidad de nuestra tienda de flores. Inf\u00f3rmate sobre env\u00edos, devoluciones, pagos y el uso de nuestros servicios.","og_url":"https:\/\/elmensajedelasflores.com\/index.php\/politica-de-privacidad\/","og_site_name":"El Mensaje de las Flores","article_publisher":"https:\/\/www.facebook.com\/ElMensajeDeLasFlores\/","article_modified_time":"2025-11-12T12:39:30+00:00","twitter_card":"summary_large_image","twitter_misc":{"Tiempo de lectura":"3 minutos"},"schema":{"@context":"https:\/\/schema.org","@graph":[{"@type":"WebPage","@id":"https:\/\/elmensajedelasflores.com\/index.php\/politica-de-privacidad\/","url":"https:\/\/elmensajedelasflores.com\/index.php\/politica-de-privacidad\/","name":"Pol\u00edtica de Privacidad - El Mensaje de las Flores","isPartOf":{"@id":"https:\/\/elmensajedelasflores.com\/#website"},"datePublished":"2025-11-12T00:00:53+00:00","dateModified":"2025-11-12T12:39:30+00:00","description":"Consulta la Pol\u00edtica de Privacidad de nuestra tienda de flores. Inf\u00f3rmate sobre env\u00edos, devoluciones, pagos y el uso de nuestros servicios.","breadcrumb":{"@id":"https:\/\/elmensajedelasflores.com\/index.php\/politica-de-privacidad\/#breadcrumb"},"inLanguage":"es","potentialAction":[{"@type":"ReadAction","target":["https:\/\/elmensajedelasflores.com\/index.php\/politica-de-privacidad\/"]}]},{"@type":"BreadcrumbList","@id":"https:\/\/elmensajedelasflores.com\/index.php\/politica-de-privacidad\/#breadcrumb","itemListElement":[{"@type":"ListItem","position":1,"name":"Portada","item":"https:\/\/elmensajedelasflores.com\/"},{"@type":"ListItem","position":2,"name":"Pol\u00edtica de Privacidad"}]},{"@type":"WebSite","@id":"https:\/\/elmensajedelasflores.com\/#website","url":"https:\/\/elmensajedelasflores.com\/","name":"El Mensaje de las Flores","description":"Florister\u00eda en M\u00f3stoles","publisher":{"@id":"https:\/\/elmensajedelasflores.com\/#organization"},"potentialAction":[{"@type":"SearchAction","target":{"@type":"EntryPoint","urlTemplate":"https:\/\/elmensajedelasflores.com\/?s={search_term_string}"},"query-input":{"@type":"PropertyValueSpecification","valueRequired":true,"valueName":"search_term_string"}}],"inLanguage":"es"},{"@type":"Organization","@id":"https:\/\/elmensajedelasflores.com\/#organization","name":"El mensaje de las flores","url":"https:\/\/elmensajedelasflores.com\/","logo":{"@type":"ImageObject","inLanguage":"es","@id":"https:\/\/elmensajedelasflores.com\/#\/schema\/logo\/image\/","url":"https:\/\/elmensajedelasflores.com\/wp-content\/uploads\/2019\/07\/logo-e1740401392373.jpg","contentUrl":"https:\/\/elmensajedelasflores.com\/wp-content\/uploads\/2019\/07\/logo-e1740401392373.jpg","width":367,"height":237,"caption":"El mensaje de las flores"},"image":{"@id":"https:\/\/elmensajedelasflores.com\/#\/schema\/logo\/image\/"},"sameAs":["https:\/\/www.facebook.com\/ElMensajeDeLasFlores\/","https:\/\/www.instagram.com\/el_mensaje_de_las_flores\/"]}]}},"jetpack_sharing_enabled":true,"jetpack_shortlink":"https:\/\/wp.me\/P9XC7n-KH","_links":{"self":[{"href":"https:\/\/elmensajedelasflores.com\/index.php\/wp-json\/wp\/v2\/pages\/2895","targetHints":{"allow":["GET"]}}],"collection":[{"href":"https:\/\/elmensajedelasflores.com\/index.php\/wp-json\/wp\/v2\/pages"}],"about":[{"href":"https:\/\/elmensajedelasflores.com\/index.php\/wp-json\/wp\/v2\/types\/page"}],"author":[{"embeddable":true,"href":"https:\/\/elmensajedelasflores.com\/index.php\/wp-json\/wp\/v2\/users\/2"}],"replies":[{"embeddable":true,"href":"https:\/\/elmensajedelasflores.com\/index.php\/wp-json\/wp\/v2\/comments?post=2895"}],"version-history":[{"count":4,"href":"https:\/\/elmensajedelasflores.com\/index.php\/wp-json\/wp\/v2\/pages\/2895\/revisions"}],"predecessor-version":[{"id":2905,"href":"https:\/\/elmensajedelasflores.com\/index.php\/wp-json\/wp\/v2\/pages\/2895\/revisions\/2905"}],"wp:attachment":[{"href":"https:\/\/elmensajedelasflores.com\/index.php\/wp-json\/wp\/v2\/media?parent=2895"}],"curies":[{"name":"wp","href":"https:\/\/api.w.org\/{rel}","templated":true}]}}