{"id":908,"date":"2017-04-29T23:40:18","date_gmt":"2017-04-29T21:40:18","guid":{"rendered":"http:\/\/lenguajedelasflores.com\/?page_id=908"},"modified":"2026-03-16T18:59:30","modified_gmt":"2026-03-16T17:59:30","slug":"floristeria","status":"publish","type":"page","link":"https:\/\/elmensajedelasflores.com\/index.php\/floristeria\/","title":{"rendered":"Nosotros"},"content":{"rendered":"<section class=\"l-section wpb_row height_large color_custom with_overlay\"><div class=\"l-section-overlay\" style=\"background-color: rgba(255,255,255,0.33)\"><\/div><div class=\"l-section-h g-html i-cf\"><div class=\"g-cols offset_medium\"><div class=\" full-width\"><div class=\"wpb_text_column \"><div class=\"wpb_wrapper\">\n<\/p><h1 class=\"negro bg-white pd-2 redondeado custom\" style=\"text-align: center;\">El Mensaje de las Flores<\/h1>\n<\/div> <\/div> <\/div><\/div><\/div><\/section><!-- Row Backgrounds --><section class=\"l-section wpb_row height_auto\"><div class=\"l-section-h g-html i-cf\"><div class=\"g-cols offset_small\"><div class=\" two-thirds bg-secciones redondeado pd-2 sec_nosotros_fst\"><div class=\"wpb_text_column  vc_custom_1740884748847\"><div class=\"wpb_wrapper\">\n<div class=\"m-tb\">\n<p class=\"custom lectura\">El Mensaje de las Flores, nace como proyecto de florister\u00eda de la experiencia y pasi\u00f3n que respaldan tres generaciones dedicadas a las flores y plantas. Nuestra florister\u00eda ofrece el asesoramiento y variedad de producto necesario para cualquier tipo de evento, cumpliendo todas las necesidades requeridas y aportando ideas complementarias para su completa satisfacci\u00f3n a trav\u00e9s de una conciencia sostenible utilizando las flores de temporada que la Naturaleza nos ofrece.<\/p>\n<p class=\"custom lectura\">A trav\u00e9s de las flores, se transmiten multitud de sensaciones: arom\u00e1ticas, confortables, elegantes, alegres, divertidas, rom\u00e1nticas\u2026ideales para dotar a cualquier lugar de bienestar.<\/p>\n<p class=\"custom lectura\">Les invitamos a dejarse llevar por esta experiencia sensorial, ampliar conocimientos y llevar a cabo sus ideas. Visiten nuestra tienda ubicada en M\u00f3stoles, \u00a1ser\u00e1 un inmenso placer atenderles!<\/p>\n<\/div>\n<\/div> <\/div> <\/div><div class=\" one-third  vc_custom_1744397237363 bg-secciones redondeado pd-2 sec_foto_nosotros_fst\"><div class=\"w-image  align_center vc_custom_1564334075190\"><img fetchpriority=\"high\" decoding=\"async\" width=\"1024\" height=\"910\" src=\"https:\/\/elmensajedelasflores.com\/wp-content\/uploads\/2019\/07\/fachada-1024x910.jpg\" class=\"attachment-large size-large\" alt=\"fachada\" srcset=\"https:\/\/elmensajedelasflores.com\/wp-content\/uploads\/2019\/07\/fachada-1024x910.jpg 1024w, https:\/\/elmensajedelasflores.com\/wp-content\/uploads\/2019\/07\/fachada-300x267.jpg 300w, https:\/\/elmensajedelasflores.com\/wp-content\/uploads\/2019\/07\/fachada-768x683.jpg 768w, https:\/\/elmensajedelasflores.com\/wp-content\/uploads\/2019\/07\/fachada-600x533.jpg 600w\" sizes=\"(max-width: 1024px) 100vw, 1024px\" \/><\/div><\/div><\/div><\/div><\/section><section class=\"l-section wpb_row height_medium\"><div class=\"l-section-h g-html i-cf\"><div class=\"g-cols offset_small\"><div class=\" one-half bg-secciones pd-2 redondeado sec_foto_nosotros_scd\"><div class=\"w-image \"><img decoding=\"async\" width=\"1024\" height=\"683\" src=\"https:\/\/elmensajedelasflores.com\/wp-content\/uploads\/2017\/04\/Onsurbe-Fotografia_2603_0199-1024x683.jpg\" class=\"attachment-large size-large\" alt=\"fotografia_2603_0199\" srcset=\"https:\/\/elmensajedelasflores.com\/wp-content\/uploads\/2017\/04\/Onsurbe-Fotografia_2603_0199-1024x683.jpg 1024w, https:\/\/elmensajedelasflores.com\/wp-content\/uploads\/2017\/04\/Onsurbe-Fotografia_2603_0199-600x400.jpg 600w, https:\/\/elmensajedelasflores.com\/wp-content\/uploads\/2017\/04\/Onsurbe-Fotografia_2603_0199-300x200.jpg 300w, https:\/\/elmensajedelasflores.com\/wp-content\/uploads\/2017\/04\/Onsurbe-Fotografia_2603_0199-768x512.jpg 768w\" sizes=\"(max-width: 1024px) 100vw, 1024px\" \/><\/div><\/div><div class=\" one-half bg-secciones pd-2 redondeado sec_nosotros_scd\"><div class=\"wpb_text_column  vc_custom_1740884762203\"><div class=\"wpb_wrapper\">\n<div class=\"m-tb\">\n<p class=\"custom lectura\">Las flores son un regalo perfecto para muchas ocasiones diferentes. Y no es de extra\u00f1ar, ya que las flores siempre transmiten emociones y crean una atm\u00f3sfera especial.<\/p>\n<p class=\"custom lectura\">Como trabajamos con la naturaleza, tratamos de ofrecer sobre todo decoraciones florales de temporada. Sin embargo, estamos en condiciones de satisfacer todos sus deseos.<\/p>\n<p class=\"custom lectura\">\u00a1Ll\u00e1menos cuando lo desee y le ayudaremos!<\/p>\n<\/div>\n<\/div> <\/div> <\/div><\/div><\/div><\/section><section class=\"l-section wpb_row height_medium\"><div class=\"l-section-h g-html i-cf\"><div class=\"g-cols offset_small\"><div class=\" one-half bg-secciones pd-2 redondeado sec_foto_nosotros_scd\"><div class=\"wpb_text_column  vc_custom_1773683105226\"><div class=\"wpb_wrapper\">\n<div class=\"m-tb\">\n<div class=\"elementor-element elementor-element-8a81875 elementor-widget elementor-widget-heading\" data-id=\"8a81875\" data-element_type=\"widget\" data-e-type=\"widget\" data-widget_type=\"heading.default\">\n<div class=\"elementor-widget-container\">\n<h3 class=\"elementor-heading-title elementor-size-default\"><span style=\"color: #000000;\"><strong><span style=\"font-size: 16px;\">Proyecto subvencionado con Fondos de la Uni\u00f3n Europea y de la Comunidad de Madrid para el fomento del contrato de formaci\u00f3n en alternancia y la mejora de la cualificaci\u00f3n profesional<\/span><\/strong><\/span><\/h3>\n<\/div>\n<\/div>\n<\/div>\n<\/div> <\/div> <\/div><div class=\" one-half  vc_custom_1773683495825 bg-secciones pd-2 redondeado sec_nosotros_scd\"><div class=\"w-image  align_center\"><a href=\"https:\/\/elmensajedelasflores.com\/wp-content\/uploads\/2026\/03\/logo-de-financiamiento.jpg\" ref=\"magnificPopup\"><img decoding=\"async\" width=\"701\" height=\"101\" src=\"https:\/\/elmensajedelasflores.com\/wp-content\/uploads\/2026\/03\/logo-de-financiamiento.jpg\" class=\"attachment-full size-full\" alt=\"\" srcset=\"https:\/\/elmensajedelasflores.com\/wp-content\/uploads\/2026\/03\/logo-de-financiamiento.jpg 701w, https:\/\/elmensajedelasflores.com\/wp-content\/uploads\/2026\/03\/logo-de-financiamiento-300x43.jpg 300w, https:\/\/elmensajedelasflores.com\/wp-content\/uploads\/2026\/03\/logo-de-financiamiento-600x86.jpg 600w\" sizes=\"(max-width: 701px) 100vw, 701px\" \/><\/a><\/div><div class=\"w-btn-wrapper align_center\"><a class=\"w-btn style_solid size_small color_primary icon_none\" href=\"https:\/\/elmensajedelasflores.com\/wp-content\/uploads\/2026\/03\/cartel-programa-fomento-contratacion.jpg\" target=\"_blank\" title=\"Contacto\"><span class=\"w-btn-label\">VER CARTEL<\/span><\/a><\/div><\/div><\/div><\/div><\/section><section class=\"l-section wpb_row height_medium bg-secciones pd-2\"><div class=\"l-section-h g-html i-cf\"><div class=\"g-cols offset_small\"><div class=\" two-thirds\"><div class=\"w-contacts\"><div class=\"w-contacts-list\"><div class=\"w-contacts-item for_address\"><span class=\"w-contacts-item-value\">Calle Camino de Humanes, 33 Locales 3 y 4 M\u00f3stoles<\/span><\/div><div class=\"w-contacts-item for_phone\"><span class=\"w-contacts-item-value\">910466436 \/ 680169788<\/span><\/div><div class=\"w-contacts-item for_email\"><span class=\"w-contacts-item-value\"><a href=\"mailto:info.elmensajedelasflores@gmail.com\">info.elmensajedelasflores@gmail.com<\/a><\/span><\/div><\/div><\/div><\/div><div class=\" one-third\"><div class=\"w-btn-wrapper align_center\"><a class=\"w-btn style_solid size_small color_primary icon_none\" href=\"https:\/\/elmensajedelasflores.com\/index.php\/pagina-de-contacto\/\" title=\"Contacto\"><span class=\"w-btn-label\">Contacto<\/span><\/a><\/div><\/div><\/div><\/div><\/section><section class=\"l-section wpb_row height_medium\"><div class=\"l-section-h g-html i-cf\"><div class=\"g-cols offset_small\"><div class=\" full-width\"><div class=\"wpb_text_column  bg-secciones pd-2\"><div class=\"wpb_wrapper\">\n<p class=\"custom texto_tyc\"><strong>Puedes consultar nuestros t\u00e9rminos y condiciones\u00a0<a class=\"custom-link\" href=\"https:\/\/elmensajedelasflores.com\/index.php\/terminos-y-condiciones\/\" target=\"_blank\" rel=\"noopener\">aqu\u00ed<\/a><\/strong><\/p>\n<\/div> <\/div> <\/div><\/div><\/div><\/section>\n","protected":false},"excerpt":{"rendered":"El Mensaje de las Flores El Mensaje de las Flores, nace como proyecto de florister\u00eda de la experiencia y pasi\u00f3n que respaldan tres generaciones dedicadas a las flores y plantas. Nuestra florister\u00eda ofrece el asesoramiento y variedad de producto necesario para cualquier tipo de evento, cumpliendo todas las necesidades requeridas y aportando ideas complementarias para...","protected":false},"author":1,"featured_media":0,"parent":0,"menu_order":0,"comment_status":"closed","ping_status":"closed","template":"","meta":{"jetpack_post_was_ever_published":false,"footnotes":""},"class_list":["post-908","page","type-page","status-publish","hentry"],"yoast_head":"<!-- This site is optimized with the Yoast SEO plugin v26.7 - https:\/\/yoast.com\/wordpress\/plugins\/seo\/ -->\n<title>Nosotros - El Mensaje de las Flores<\/title>\n<meta name=\"description\" content=\"Descubre nuestra historia y pasi\u00f3n por las flores. En nuestra tienda, ofrecemos arreglos \u00fanicos y frescura garantizada. \u00a1Con\u00f3cenos!\" \/>\n<meta name=\"robots\" content=\"index, follow, max-snippet:-1, max-image-preview:large, max-video-preview:-1\" \/>\n<link rel=\"canonical\" href=\"https:\/\/elmensajedelasflores.com\/index.php\/floristeria\/\" \/>\n<meta property=\"og:locale\" content=\"es_ES\" \/>\n<meta property=\"og:type\" content=\"article\" \/>\n<meta property=\"og:title\" content=\"Nosotros - El Mensaje de las Flores\" \/>\n<meta property=\"og:description\" content=\"Descubre nuestra historia y pasi\u00f3n por las flores. En nuestra tienda, ofrecemos arreglos \u00fanicos y frescura garantizada. \u00a1Con\u00f3cenos!\" \/>\n<meta property=\"og:url\" content=\"https:\/\/elmensajedelasflores.com\/index.php\/floristeria\/\" \/>\n<meta property=\"og:site_name\" content=\"El Mensaje de las Flores\" \/>\n<meta property=\"article:publisher\" content=\"https:\/\/www.facebook.com\/ElMensajeDeLasFlores\/\" \/>\n<meta property=\"article:modified_time\" content=\"2026-03-16T17:59:30+00:00\" \/>\n<meta name=\"twitter:card\" content=\"summary_large_image\" \/>\n<meta name=\"twitter:label1\" content=\"Tiempo de lectura\" \/>\n\t<meta name=\"twitter:data1\" content=\"7 minutos\" \/>\n<script type=\"application\/ld+json\" class=\"yoast-schema-graph\">{\"@context\":\"https:\/\/schema.org\",\"@graph\":[{\"@type\":\"WebPage\",\"@id\":\"https:\/\/elmensajedelasflores.com\/index.php\/floristeria\/\",\"url\":\"https:\/\/elmensajedelasflores.com\/index.php\/floristeria\/\",\"name\":\"Nosotros - El Mensaje de las Flores\",\"isPartOf\":{\"@id\":\"https:\/\/elmensajedelasflores.com\/#website\"},\"datePublished\":\"2017-04-29T21:40:18+00:00\",\"dateModified\":\"2026-03-16T17:59:30+00:00\",\"description\":\"Descubre nuestra historia y pasi\u00f3n por las flores. En nuestra tienda, ofrecemos arreglos \u00fanicos y frescura garantizada. \u00a1Con\u00f3cenos!\",\"breadcrumb\":{\"@id\":\"https:\/\/elmensajedelasflores.com\/index.php\/floristeria\/#breadcrumb\"},\"inLanguage\":\"es\",\"potentialAction\":[{\"@type\":\"ReadAction\",\"target\":[\"https:\/\/elmensajedelasflores.com\/index.php\/floristeria\/\"]}]},{\"@type\":\"BreadcrumbList\",\"@id\":\"https:\/\/elmensajedelasflores.com\/index.php\/floristeria\/#breadcrumb\",\"itemListElement\":[{\"@type\":\"ListItem\",\"position\":1,\"name\":\"Portada\",\"item\":\"https:\/\/elmensajedelasflores.com\/\"},{\"@type\":\"ListItem\",\"position\":2,\"name\":\"Nosotros\"}]},{\"@type\":\"WebSite\",\"@id\":\"https:\/\/elmensajedelasflores.com\/#website\",\"url\":\"https:\/\/elmensajedelasflores.com\/\",\"name\":\"El Mensaje de las Flores\",\"description\":\"Florister\u00eda en M\u00f3stoles\",\"publisher\":{\"@id\":\"https:\/\/elmensajedelasflores.com\/#organization\"},\"potentialAction\":[{\"@type\":\"SearchAction\",\"target\":{\"@type\":\"EntryPoint\",\"urlTemplate\":\"https:\/\/elmensajedelasflores.com\/?s={search_term_string}\"},\"query-input\":{\"@type\":\"PropertyValueSpecification\",\"valueRequired\":true,\"valueName\":\"search_term_string\"}}],\"inLanguage\":\"es\"},{\"@type\":\"Organization\",\"@id\":\"https:\/\/elmensajedelasflores.com\/#organization\",\"name\":\"El mensaje de las flores\",\"url\":\"https:\/\/elmensajedelasflores.com\/\",\"logo\":{\"@type\":\"ImageObject\",\"inLanguage\":\"es\",\"@id\":\"https:\/\/elmensajedelasflores.com\/#\/schema\/logo\/image\/\",\"url\":\"https:\/\/elmensajedelasflores.com\/wp-content\/uploads\/2019\/07\/logo-e1740401392373.jpg\",\"contentUrl\":\"https:\/\/elmensajedelasflores.com\/wp-content\/uploads\/2019\/07\/logo-e1740401392373.jpg\",\"width\":367,\"height\":237,\"caption\":\"El mensaje de las flores\"},\"image\":{\"@id\":\"https:\/\/elmensajedelasflores.com\/#\/schema\/logo\/image\/\"},\"sameAs\":[\"https:\/\/www.facebook.com\/ElMensajeDeLasFlores\/\",\"https:\/\/www.instagram.com\/el_mensaje_de_las_flores\/\"]}]}<\/script>\n<!-- \/ Yoast SEO plugin. -->","yoast_head_json":{"title":"Nosotros - El Mensaje de las Flores","description":"Descubre nuestra historia y pasi\u00f3n por las flores. En nuestra tienda, ofrecemos arreglos \u00fanicos y frescura garantizada. \u00a1Con\u00f3cenos!","robots":{"index":"index","follow":"follow","max-snippet":"max-snippet:-1","max-image-preview":"max-image-preview:large","max-video-preview":"max-video-preview:-1"},"canonical":"https:\/\/elmensajedelasflores.com\/index.php\/floristeria\/","og_locale":"es_ES","og_type":"article","og_title":"Nosotros - El Mensaje de las Flores","og_description":"Descubre nuestra historia y pasi\u00f3n por las flores. En nuestra tienda, ofrecemos arreglos \u00fanicos y frescura garantizada. \u00a1Con\u00f3cenos!","og_url":"https:\/\/elmensajedelasflores.com\/index.php\/floristeria\/","og_site_name":"El Mensaje de las Flores","article_publisher":"https:\/\/www.facebook.com\/ElMensajeDeLasFlores\/","article_modified_time":"2026-03-16T17:59:30+00:00","twitter_card":"summary_large_image","twitter_misc":{"Tiempo de lectura":"7 minutos"},"schema":{"@context":"https:\/\/schema.org","@graph":[{"@type":"WebPage","@id":"https:\/\/elmensajedelasflores.com\/index.php\/floristeria\/","url":"https:\/\/elmensajedelasflores.com\/index.php\/floristeria\/","name":"Nosotros - El Mensaje de las Flores","isPartOf":{"@id":"https:\/\/elmensajedelasflores.com\/#website"},"datePublished":"2017-04-29T21:40:18+00:00","dateModified":"2026-03-16T17:59:30+00:00","description":"Descubre nuestra historia y pasi\u00f3n por las flores. En nuestra tienda, ofrecemos arreglos \u00fanicos y frescura garantizada. \u00a1Con\u00f3cenos!","breadcrumb":{"@id":"https:\/\/elmensajedelasflores.com\/index.php\/floristeria\/#breadcrumb"},"inLanguage":"es","potentialAction":[{"@type":"ReadAction","target":["https:\/\/elmensajedelasflores.com\/index.php\/floristeria\/"]}]},{"@type":"BreadcrumbList","@id":"https:\/\/elmensajedelasflores.com\/index.php\/floristeria\/#breadcrumb","itemListElement":[{"@type":"ListItem","position":1,"name":"Portada","item":"https:\/\/elmensajedelasflores.com\/"},{"@type":"ListItem","position":2,"name":"Nosotros"}]},{"@type":"WebSite","@id":"https:\/\/elmensajedelasflores.com\/#website","url":"https:\/\/elmensajedelasflores.com\/","name":"El Mensaje de las Flores","description":"Florister\u00eda en M\u00f3stoles","publisher":{"@id":"https:\/\/elmensajedelasflores.com\/#organization"},"potentialAction":[{"@type":"SearchAction","target":{"@type":"EntryPoint","urlTemplate":"https:\/\/elmensajedelasflores.com\/?s={search_term_string}"},"query-input":{"@type":"PropertyValueSpecification","valueRequired":true,"valueName":"search_term_string"}}],"inLanguage":"es"},{"@type":"Organization","@id":"https:\/\/elmensajedelasflores.com\/#organization","name":"El mensaje de las flores","url":"https:\/\/elmensajedelasflores.com\/","logo":{"@type":"ImageObject","inLanguage":"es","@id":"https:\/\/elmensajedelasflores.com\/#\/schema\/logo\/image\/","url":"https:\/\/elmensajedelasflores.com\/wp-content\/uploads\/2019\/07\/logo-e1740401392373.jpg","contentUrl":"https:\/\/elmensajedelasflores.com\/wp-content\/uploads\/2019\/07\/logo-e1740401392373.jpg","width":367,"height":237,"caption":"El mensaje de las flores"},"image":{"@id":"https:\/\/elmensajedelasflores.com\/#\/schema\/logo\/image\/"},"sameAs":["https:\/\/www.facebook.com\/ElMensajeDeLasFlores\/","https:\/\/www.instagram.com\/el_mensaje_de_las_flores\/"]}]}},"jetpack_sharing_enabled":true,"jetpack_shortlink":"https:\/\/wp.me\/P9XC7n-eE","_links":{"self":[{"href":"https:\/\/elmensajedelasflores.com\/index.php\/wp-json\/wp\/v2\/pages\/908","targetHints":{"allow":["GET"]}}],"collection":[{"href":"https:\/\/elmensajedelasflores.com\/index.php\/wp-json\/wp\/v2\/pages"}],"about":[{"href":"https:\/\/elmensajedelasflores.com\/index.php\/wp-json\/wp\/v2\/types\/page"}],"author":[{"embeddable":true,"href":"https:\/\/elmensajedelasflores.com\/index.php\/wp-json\/wp\/v2\/users\/1"}],"replies":[{"embeddable":true,"href":"https:\/\/elmensajedelasflores.com\/index.php\/wp-json\/wp\/v2\/comments?post=908"}],"version-history":[{"count":54,"href":"https:\/\/elmensajedelasflores.com\/index.php\/wp-json\/wp\/v2\/pages\/908\/revisions"}],"predecessor-version":[{"id":2983,"href":"https:\/\/elmensajedelasflores.com\/index.php\/wp-json\/wp\/v2\/pages\/908\/revisions\/2983"}],"wp:attachment":[{"href":"https:\/\/elmensajedelasflores.com\/index.php\/wp-json\/wp\/v2\/media?parent=908"}],"curies":[{"name":"wp","href":"https:\/\/api.w.org\/{rel}","templated":true}]}}