{"id":910,"date":"2017-04-29T23:40:28","date_gmt":"2017-04-29T21:40:28","guid":{"rendered":"http:\/\/lenguajedelasflores.com\/?page_id=910"},"modified":"2025-06-05T22:42:19","modified_gmt":"2025-06-05T22:42:19","slug":"servicios-de-la-floristeria","status":"publish","type":"page","link":"https:\/\/elmensajedelasflores.com\/index.php\/servicios-de-la-floristeria\/","title":{"rendered":"Servicios"},"content":{"rendered":"<section class=\"l-section wpb_row height_medium\"><div class=\"l-section-h g-html i-cf\"><div class=\"g-cols offset_small\"><div class=\" full-width vc_hidden-sm vc_hidden-xs\"><div class=\"w-slider\"><div class=\"royalSlider rsDefault\"><a class=\"rsImg\" data-rsw=\"1024\" data-rsh=\"339\" href=\"https:\/\/elmensajedelasflores.com\/wp-content\/uploads\/2019\/07\/carrusel42-1024x339.jpg\">carrusel_4<\/a><a class=\"rsImg\" data-rsw=\"1024\" data-rsh=\"338\" href=\"https:\/\/elmensajedelasflores.com\/wp-content\/uploads\/2019\/07\/servicioss2-1024x338.jpg\">servicios_1<\/a><a class=\"rsImg\" data-rsw=\"1024\" data-rsh=\"339\" href=\"https:\/\/elmensajedelasflores.com\/wp-content\/uploads\/2019\/07\/servicioss3-1024x339.jpg\">servicios_2<\/a><a class=\"rsImg\" data-rsw=\"1024\" data-rsh=\"323\" href=\"https:\/\/elmensajedelasflores.com\/wp-content\/uploads\/2019\/07\/servicioss4-1024x323.jpg\">servicios_3<\/a><a class=\"rsImg\" data-rsw=\"1024\" data-rsh=\"340\" href=\"https:\/\/elmensajedelasflores.com\/wp-content\/uploads\/2019\/07\/carrusel22-1024x340.jpg\">carrusel_5<\/a><\/div><div class=\"w-slider-json\" onclick='return {\"transitionSpeed\":300,\"loopRewind\":true,\"slidesSpacing\":0,\"imageScalePadding\":0,\"numImagesToPreload\":2,\"arrowsNav\":false,\"arrowsNavAutoHide\":false,\"transitionType\":\"fade\",\"controlNavigation\":\"none\",\"autoplay\":{\"enabled\":true,\"pauseOnHover\":true,\"delay\":5000},\"imageScaleMode\":\"fill\",\"autoScaleSlider\":true,\"autoScaleSliderWidth\":1024,\"autoScaleSliderHeight\":339,\"fitInViewport\":false}'><\/div><\/div><\/div><\/div><\/div><\/section><section class=\"l-section wpb_row height_medium\"><div class=\"l-section-h g-html i-cf\"><div class=\"g-cols offset_small\"><div class=\" full-width bg-secciones pd-2 redondeado\"><div class=\"wpb_text_column  vc_custom_1749163279888\"><div class=\"wpb_wrapper\">\n<\/p><h1 class=\"custom bg-white pd-2\" style=\"text-align: center; margin-bottom: 2rem;\">SERVICIOS DE LA FLORISTER\u00cdA<\/h1>\n<div>\n<h3 class=\"titulo2 bolder\">ARREGLOS FLORALES PARA BODAS, EVENTOS, REGALOS\u2026<\/h3>\n<\/div>\n<\/div> <\/div> <\/div><\/div><\/div><\/section><section class=\"l-section wpb_row height_medium\"><div class=\"l-section-h g-html i-cf\"><div class=\"g-cols offset_small\"><div class=\" two-thirds bg-secciones pd-2 redondeado m-tb sec_servicios\"><div class=\"wpb_text_column  vc_custom_1740884872204\"><div class=\"wpb_wrapper\">\n<div>\n<p class=\"custom lectura\">Adem\u00e1s de contar con una excelente selecci\u00f3n de flor fresca y plantas, en <strong>Florister\u00eda El Mensaje de las Flores<\/strong> estamos a su disposici\u00f3n para <strong>todo tipo de arreglos y servicios<\/strong> como por ejemplo:<\/p>\n<ul class=\"servicios\">\n<li class=\"listaFondo lectura\">Arreglos para bodas civiles y religiosas, ramos de novia, prendido del novio o padrino, coches\u2026<\/li>\n<li class=\"listaFondo lectura\">Arreglos florales para los eventos en restaurantes, salones\u2026<\/li>\n<li class=\"listaFondo lectura\">Regalos para natalicios, cumplea\u00f1os, aniversarios\u2026<\/li>\n<li class=\"listaFondo lectura\">Composiciones de plantas naturales.<\/li>\n<li class=\"listaFondo lectura\">Composiciones decorativas para navidad, San Valent\u00edn\u2026 y dem\u00e1s fechas se\u00f1aladas.<\/li>\n<li class=\"listaFondo lectura\">Arreglos f\u00fanebres como coronas, ramos, cruces, centros\u2026<\/li>\n<li class=\"listaFondo lectura\">Decoraci\u00f3n de portales en viviendas o comunidades con plantas naturales y artificiales.<\/li>\n<li class=\"listaFondo lectura\">Jardines<\/li>\n<\/ul>\n<\/div>\n<\/div> <\/div> <\/div><div class=\" one-third bg-secciones pd-2 redondeado m-tb sec_foto_servicios\"><div class=\"w-image \"><img fetchpriority=\"high\" decoding=\"async\" width=\"683\" height=\"1024\" src=\"https:\/\/elmensajedelasflores.com\/wp-content\/uploads\/2018\/05\/ROX_4648-683x1024.jpg\" class=\"attachment-large size-large\" alt=\"ROX_4648\" srcset=\"https:\/\/elmensajedelasflores.com\/wp-content\/uploads\/2018\/05\/ROX_4648-683x1024.jpg 683w, https:\/\/elmensajedelasflores.com\/wp-content\/uploads\/2018\/05\/ROX_4648-600x900.jpg 600w, https:\/\/elmensajedelasflores.com\/wp-content\/uploads\/2018\/05\/ROX_4648-200x300.jpg 200w, https:\/\/elmensajedelasflores.com\/wp-content\/uploads\/2018\/05\/ROX_4648-768x1152.jpg 768w\" sizes=\"(max-width: 683px) 100vw, 683px\" \/><\/div><\/div><\/div><\/div><\/section><section class=\"l-section wpb_row height_medium\"><div class=\"l-section-h g-html i-cf\"><div class=\"g-cols offset_small\"><div class=\" one-half bg-secciones pd-2 redondeado\"><div class=\"w-image  vc_custom_1527611947139\"><img decoding=\"async\" width=\"768\" height=\"1024\" src=\"https:\/\/elmensajedelasflores.com\/wp-content\/uploads\/2017\/04\/raMKO3-768x1024.jpeg\" class=\"attachment-large size-large\" alt=\"raMKO3\" srcset=\"https:\/\/elmensajedelasflores.com\/wp-content\/uploads\/2017\/04\/raMKO3-768x1024.jpeg 768w, https:\/\/elmensajedelasflores.com\/wp-content\/uploads\/2017\/04\/raMKO3-600x800.jpeg 600w, https:\/\/elmensajedelasflores.com\/wp-content\/uploads\/2017\/04\/raMKO3-225x300.jpeg 225w, https:\/\/elmensajedelasflores.com\/wp-content\/uploads\/2017\/04\/raMKO3.jpeg 1200w\" sizes=\"(max-width: 768px) 100vw, 768px\" \/><\/div><\/div><div class=\" one-half bg-secciones pd-2 redondeado\"><div class=\"w-image  vc_custom_1527611555315\"><img decoding=\"async\" width=\"768\" height=\"1024\" src=\"https:\/\/elmensajedelasflores.com\/wp-content\/uploads\/2017\/04\/raMKO12-768x1024.jpeg\" class=\"attachment-large size-large\" alt=\"raMKO12\" srcset=\"https:\/\/elmensajedelasflores.com\/wp-content\/uploads\/2017\/04\/raMKO12-768x1024.jpeg 768w, https:\/\/elmensajedelasflores.com\/wp-content\/uploads\/2017\/04\/raMKO12-600x800.jpeg 600w, https:\/\/elmensajedelasflores.com\/wp-content\/uploads\/2017\/04\/raMKO12-225x300.jpeg 225w, https:\/\/elmensajedelasflores.com\/wp-content\/uploads\/2017\/04\/raMKO12.jpeg 1200w\" sizes=\"(max-width: 768px) 100vw, 768px\" \/><\/div><\/div><\/div><\/div><\/section><section class=\"l-section wpb_row height_medium\"><div class=\"l-section-h g-html i-cf\"><div class=\"g-cols offset_small\"><div class=\" full-width bg-secciones pd-2 redondeado\"><div class=\"wpb_text_column \"><div class=\"wpb_wrapper\">\n<p class=\"custom texto_tyc\"><strong>Puedes consultar nuestros t\u00e9rminos y condiciones\u00a0<a class=\"custom-link\" href=\"https:\/\/elmensajedelasflores.com\/index.php\/terminos-y-condiciones\/\" target=\"_blank\" rel=\"noopener\">aqu\u00ed<\/a><\/strong><\/p>\n<\/div> <\/div> <\/div><\/div><\/div><\/section>\n","protected":false},"excerpt":{"rendered":"carrusel_4servicios_1servicios_2servicios_3carrusel_5 SERVICIOS DE LA FLORISTER\u00cdA ARREGLOS FLORALES PARA BODAS, EVENTOS, REGALOS... Adem\u00e1s de contar con una excelente selecci\u00f3n de flor fresca y plantas, en Florister\u00eda El Mensaje de las Flores estamos a su disposici\u00f3n para todo tipo de arreglos y servicios como por ejemplo: Arreglos para bodas civiles y religiosas, ramos de novia, prendido del...","protected":false},"author":1,"featured_media":0,"parent":0,"menu_order":0,"comment_status":"closed","ping_status":"closed","template":"","meta":{"jetpack_post_was_ever_published":false,"footnotes":""},"class_list":["post-910","page","type-page","status-publish","hentry"],"yoast_head":"<!-- This site is optimized with the Yoast SEO plugin v26.7 - https:\/\/yoast.com\/wordpress\/plugins\/seo\/ -->\n<title>Servicios de la Florister\u00eda - El Mensaje de las Flores<\/title>\n<meta name=\"description\" content=\"Servicios de la Florister\u00eda: con arreglos florales para bodas, eventos y regalos. Ramos, decoraciones y composiciones para cada ocasi\u00f3n.\" \/>\n<meta name=\"robots\" content=\"index, follow, max-snippet:-1, max-image-preview:large, max-video-preview:-1\" \/>\n<link rel=\"canonical\" href=\"https:\/\/elmensajedelasflores.com\/index.php\/servicios-de-la-floristeria\/\" \/>\n<meta property=\"og:locale\" content=\"es_ES\" \/>\n<meta property=\"og:type\" content=\"article\" \/>\n<meta property=\"og:title\" content=\"Servicios de la Florister\u00eda - El Mensaje de las Flores\" \/>\n<meta property=\"og:description\" content=\"Servicios de la Florister\u00eda: con arreglos florales para bodas, eventos y regalos. Ramos, decoraciones y composiciones para cada ocasi\u00f3n.\" \/>\n<meta property=\"og:url\" content=\"https:\/\/elmensajedelasflores.com\/index.php\/servicios-de-la-floristeria\/\" \/>\n<meta property=\"og:site_name\" content=\"El Mensaje de las Flores\" \/>\n<meta property=\"article:publisher\" content=\"https:\/\/www.facebook.com\/ElMensajeDeLasFlores\/\" \/>\n<meta property=\"article:modified_time\" content=\"2025-06-05T22:42:19+00:00\" \/>\n<meta name=\"twitter:card\" content=\"summary_large_image\" \/>\n<meta name=\"twitter:label1\" content=\"Tiempo de lectura\" \/>\n\t<meta name=\"twitter:data1\" content=\"1 minuto\" \/>\n<script type=\"application\/ld+json\" class=\"yoast-schema-graph\">{\"@context\":\"https:\/\/schema.org\",\"@graph\":[{\"@type\":\"WebPage\",\"@id\":\"https:\/\/elmensajedelasflores.com\/index.php\/servicios-de-la-floristeria\/\",\"url\":\"https:\/\/elmensajedelasflores.com\/index.php\/servicios-de-la-floristeria\/\",\"name\":\"Servicios de la Florister\u00eda - El Mensaje de las Flores\",\"isPartOf\":{\"@id\":\"https:\/\/elmensajedelasflores.com\/#website\"},\"datePublished\":\"2017-04-29T21:40:28+00:00\",\"dateModified\":\"2025-06-05T22:42:19+00:00\",\"description\":\"Servicios de la Florister\u00eda: con arreglos florales para bodas, eventos y regalos. Ramos, decoraciones y composiciones para cada ocasi\u00f3n.\",\"breadcrumb\":{\"@id\":\"https:\/\/elmensajedelasflores.com\/index.php\/servicios-de-la-floristeria\/#breadcrumb\"},\"inLanguage\":\"es\",\"potentialAction\":[{\"@type\":\"ReadAction\",\"target\":[\"https:\/\/elmensajedelasflores.com\/index.php\/servicios-de-la-floristeria\/\"]}]},{\"@type\":\"BreadcrumbList\",\"@id\":\"https:\/\/elmensajedelasflores.com\/index.php\/servicios-de-la-floristeria\/#breadcrumb\",\"itemListElement\":[{\"@type\":\"ListItem\",\"position\":1,\"name\":\"Portada\",\"item\":\"https:\/\/elmensajedelasflores.com\/\"},{\"@type\":\"ListItem\",\"position\":2,\"name\":\"Servicios\"}]},{\"@type\":\"WebSite\",\"@id\":\"https:\/\/elmensajedelasflores.com\/#website\",\"url\":\"https:\/\/elmensajedelasflores.com\/\",\"name\":\"El Mensaje de las Flores\",\"description\":\"Florister\u00eda en M\u00f3stoles\",\"publisher\":{\"@id\":\"https:\/\/elmensajedelasflores.com\/#organization\"},\"potentialAction\":[{\"@type\":\"SearchAction\",\"target\":{\"@type\":\"EntryPoint\",\"urlTemplate\":\"https:\/\/elmensajedelasflores.com\/?s={search_term_string}\"},\"query-input\":{\"@type\":\"PropertyValueSpecification\",\"valueRequired\":true,\"valueName\":\"search_term_string\"}}],\"inLanguage\":\"es\"},{\"@type\":\"Organization\",\"@id\":\"https:\/\/elmensajedelasflores.com\/#organization\",\"name\":\"El mensaje de las flores\",\"url\":\"https:\/\/elmensajedelasflores.com\/\",\"logo\":{\"@type\":\"ImageObject\",\"inLanguage\":\"es\",\"@id\":\"https:\/\/elmensajedelasflores.com\/#\/schema\/logo\/image\/\",\"url\":\"https:\/\/elmensajedelasflores.com\/wp-content\/uploads\/2019\/07\/logo-e1740401392373.jpg\",\"contentUrl\":\"https:\/\/elmensajedelasflores.com\/wp-content\/uploads\/2019\/07\/logo-e1740401392373.jpg\",\"width\":367,\"height\":237,\"caption\":\"El mensaje de las flores\"},\"image\":{\"@id\":\"https:\/\/elmensajedelasflores.com\/#\/schema\/logo\/image\/\"},\"sameAs\":[\"https:\/\/www.facebook.com\/ElMensajeDeLasFlores\/\",\"https:\/\/www.instagram.com\/el_mensaje_de_las_flores\/\"]}]}<\/script>\n<!-- \/ Yoast SEO plugin. -->","yoast_head_json":{"title":"Servicios de la Florister\u00eda - El Mensaje de las Flores","description":"Servicios de la Florister\u00eda: con arreglos florales para bodas, eventos y regalos. Ramos, decoraciones y composiciones para cada ocasi\u00f3n.","robots":{"index":"index","follow":"follow","max-snippet":"max-snippet:-1","max-image-preview":"max-image-preview:large","max-video-preview":"max-video-preview:-1"},"canonical":"https:\/\/elmensajedelasflores.com\/index.php\/servicios-de-la-floristeria\/","og_locale":"es_ES","og_type":"article","og_title":"Servicios de la Florister\u00eda - El Mensaje de las Flores","og_description":"Servicios de la Florister\u00eda: con arreglos florales para bodas, eventos y regalos. Ramos, decoraciones y composiciones para cada ocasi\u00f3n.","og_url":"https:\/\/elmensajedelasflores.com\/index.php\/servicios-de-la-floristeria\/","og_site_name":"El Mensaje de las Flores","article_publisher":"https:\/\/www.facebook.com\/ElMensajeDeLasFlores\/","article_modified_time":"2025-06-05T22:42:19+00:00","twitter_card":"summary_large_image","twitter_misc":{"Tiempo de lectura":"1 minuto"},"schema":{"@context":"https:\/\/schema.org","@graph":[{"@type":"WebPage","@id":"https:\/\/elmensajedelasflores.com\/index.php\/servicios-de-la-floristeria\/","url":"https:\/\/elmensajedelasflores.com\/index.php\/servicios-de-la-floristeria\/","name":"Servicios de la Florister\u00eda - El Mensaje de las Flores","isPartOf":{"@id":"https:\/\/elmensajedelasflores.com\/#website"},"datePublished":"2017-04-29T21:40:28+00:00","dateModified":"2025-06-05T22:42:19+00:00","description":"Servicios de la Florister\u00eda: con arreglos florales para bodas, eventos y regalos. Ramos, decoraciones y composiciones para cada ocasi\u00f3n.","breadcrumb":{"@id":"https:\/\/elmensajedelasflores.com\/index.php\/servicios-de-la-floristeria\/#breadcrumb"},"inLanguage":"es","potentialAction":[{"@type":"ReadAction","target":["https:\/\/elmensajedelasflores.com\/index.php\/servicios-de-la-floristeria\/"]}]},{"@type":"BreadcrumbList","@id":"https:\/\/elmensajedelasflores.com\/index.php\/servicios-de-la-floristeria\/#breadcrumb","itemListElement":[{"@type":"ListItem","position":1,"name":"Portada","item":"https:\/\/elmensajedelasflores.com\/"},{"@type":"ListItem","position":2,"name":"Servicios"}]},{"@type":"WebSite","@id":"https:\/\/elmensajedelasflores.com\/#website","url":"https:\/\/elmensajedelasflores.com\/","name":"El Mensaje de las Flores","description":"Florister\u00eda en M\u00f3stoles","publisher":{"@id":"https:\/\/elmensajedelasflores.com\/#organization"},"potentialAction":[{"@type":"SearchAction","target":{"@type":"EntryPoint","urlTemplate":"https:\/\/elmensajedelasflores.com\/?s={search_term_string}"},"query-input":{"@type":"PropertyValueSpecification","valueRequired":true,"valueName":"search_term_string"}}],"inLanguage":"es"},{"@type":"Organization","@id":"https:\/\/elmensajedelasflores.com\/#organization","name":"El mensaje de las flores","url":"https:\/\/elmensajedelasflores.com\/","logo":{"@type":"ImageObject","inLanguage":"es","@id":"https:\/\/elmensajedelasflores.com\/#\/schema\/logo\/image\/","url":"https:\/\/elmensajedelasflores.com\/wp-content\/uploads\/2019\/07\/logo-e1740401392373.jpg","contentUrl":"https:\/\/elmensajedelasflores.com\/wp-content\/uploads\/2019\/07\/logo-e1740401392373.jpg","width":367,"height":237,"caption":"El mensaje de las flores"},"image":{"@id":"https:\/\/elmensajedelasflores.com\/#\/schema\/logo\/image\/"},"sameAs":["https:\/\/www.facebook.com\/ElMensajeDeLasFlores\/","https:\/\/www.instagram.com\/el_mensaje_de_las_flores\/"]}]}},"jetpack_sharing_enabled":true,"jetpack_shortlink":"https:\/\/wp.me\/P9XC7n-eG","_links":{"self":[{"href":"https:\/\/elmensajedelasflores.com\/index.php\/wp-json\/wp\/v2\/pages\/910","targetHints":{"allow":["GET"]}}],"collection":[{"href":"https:\/\/elmensajedelasflores.com\/index.php\/wp-json\/wp\/v2\/pages"}],"about":[{"href":"https:\/\/elmensajedelasflores.com\/index.php\/wp-json\/wp\/v2\/types\/page"}],"author":[{"embeddable":true,"href":"https:\/\/elmensajedelasflores.com\/index.php\/wp-json\/wp\/v2\/users\/1"}],"replies":[{"embeddable":true,"href":"https:\/\/elmensajedelasflores.com\/index.php\/wp-json\/wp\/v2\/comments?post=910"}],"version-history":[{"count":27,"href":"https:\/\/elmensajedelasflores.com\/index.php\/wp-json\/wp\/v2\/pages\/910\/revisions"}],"predecessor-version":[{"id":2702,"href":"https:\/\/elmensajedelasflores.com\/index.php\/wp-json\/wp\/v2\/pages\/910\/revisions\/2702"}],"wp:attachment":[{"href":"https:\/\/elmensajedelasflores.com\/index.php\/wp-json\/wp\/v2\/media?parent=910"}],"curies":[{"name":"wp","href":"https:\/\/api.w.org\/{rel}","templated":true}]}}