{"id":912,"date":"2017-04-29T23:40:39","date_gmt":"2017-04-29T21:40:39","guid":{"rendered":"http:\/\/lenguajedelasflores.com\/?page_id=912"},"modified":"2025-04-05T19:17:21","modified_gmt":"2025-04-05T19:17:21","slug":"pagina-de-contacto","status":"publish","type":"page","link":"https:\/\/elmensajedelasflores.com\/index.php\/pagina-de-contacto\/","title":{"rendered":"Contacto"},"content":{"rendered":"<section class=\"l-section wpb_row height_medium\"><div class=\"l-section-h g-html i-cf\"><div class=\"g-cols offset_small\"><div class=\" full-width bg-secciones pd-2 redondeado\"><div class=\"wpb_text_column \"><div class=\"wpb_wrapper\">\n<\/p><h1 class=\"custom bg-white pd-2\" style=\"text-align: center;\">\nCONTACTO<\/h1>\n<\/div> <\/div> <\/div><\/div><\/div><\/section><section class=\"l-section wpb_row height_medium\"><div class=\"l-section-h g-html i-cf\"><div class=\"g-cols offset_small\"><div class=\" one-half bg-secciones pd-2 redondeado\"><div class=\"w-contacts\"><div class=\"w-contacts-list\"><div class=\"w-contacts-item for_address\"><span class=\"w-contacts-item-value\">Calle Camino de Humanes 33 Locales 3 y 4 M\u00f3stoles<\/span><\/div><div class=\"w-contacts-item for_phone\"><span class=\"w-contacts-item-value\">910466436 \/ 680169788<\/span><\/div><div class=\"w-contacts-item for_email\"><span class=\"w-contacts-item-value\"><a href=\"mailto:info.elmensajedelasflores@gmail.com\">info.elmensajedelasflores@gmail.com<\/a><\/span><\/div><\/div><\/div><div class=\"wpb_text_column  redondeado\"><div class=\"wpb_wrapper\"><iframe style=\"border: 0;\" src=\"https:\/\/www.google.com\/maps\/embed?pb=!1m18!1m12!1m3!1d1521.1181385473806!2d-3.859129341745186!3d40.31491344002941!2m3!1f0!2f0!3f0!3m2!1i1024!2i768!4f13.1!3m3!1m2!1s0xd418c31cd2d558f%3A0xe0aa33afce43eba!2sFlorister%C3%ADa+El+Mensaje+de+las+Flores!5e0!3m2!1ses!2ses!4v1564009842643!5m2!1ses!2ses\" width=\"600\" height=\"450\" frameborder=\"0\" allowfullscreen=\"allowfullscreen\"><\/iframe><\/div> <\/div> <\/div><div class=\" one-half bg-secciones pd-2 redondeado\"><div class=\"wpb_text_column \"><div class=\"wpb_wrapper\">\n<div>\n<p>        En Florister\u00edas El Mensaje de las Flores estamos deseando poder ayudarte. Contamos con nuestra florister\u00eda en M\u00f3stoles \u2026 \u00a1Ven a visitarnos!<\/p>\n<p>Env\u00edos a domicilio.<\/p>\n<\/div>\n<\/div> <\/div> <div class=\"w-form for_cform align_left\" id=\"us_form_1\">\r\n\t<form class=\"w-form-h\" autocomplete=\"off\" action=\"https:\/\/elmensajedelasflores.com\/index.php\/wp-json\/wp\/v2\/pages\/912\" method=\"post\">\r\n\t\t\t\t\t\t\t<div class=\"w-form-row for_name required\">\r\n\t<div class=\"w-form-row-label\">\r\n\t\t<label for=\"us_form_1_name\"><\/label>\r\n\t<\/div>\r\n\t<div class=\"w-form-row-field\">\r\n\t\t\t\t<input type=\"text\" name=\"name\" id=\"us_form_1_name\" value=\"\"\r\n\t\t       placeholder=\"Nombre *\" data-required=\"true\" aria-required=\"true\"\/>\r\n\t\t<span class=\"w-form-row-field-bar\"><\/span>\r\n\t\t\t<\/div>\r\n\t<div class=\"w-form-row-state\"><\/div>\r\n\t<\/div>\r\n\t\t\t\t\t<div class=\"w-form-row for_email required\">\r\n\t<div class=\"w-form-row-label\">\r\n\t\t<label for=\"us_form_1_email\"><\/label>\r\n\t<\/div>\r\n\t<div class=\"w-form-row-field\">\r\n\t\t\t\t<input type=\"email\" name=\"email\" id=\"us_form_1_email\" value=\"\"\r\n\t\t       placeholder=\"Correo electr\u00f3nico *\" data-required=\"true\" aria-required=\"true\"\/>\r\n\t\t<span class=\"w-form-row-field-bar\"><\/span>\r\n\t\t\t<\/div>\r\n\t<div class=\"w-form-row-state\"><\/div>\r\n\t<\/div>\r\n\t\t\t\t\t<div class=\"w-form-row for_phone\">\r\n\t<div class=\"w-form-row-label\">\r\n\t\t<label for=\"us_form_1_phone\"><\/label>\r\n\t<\/div>\r\n\t<div class=\"w-form-row-field\">\r\n\t\t\t\t<input type=\"text\" name=\"phone\" id=\"us_form_1_phone\" value=\"\"\r\n\t\t       placeholder=\"N\u00famero de tel\u00e9fono\"\/>\r\n\t\t<span class=\"w-form-row-field-bar\"><\/span>\r\n\t\t\t<\/div>\r\n\t<div class=\"w-form-row-state\"><\/div>\r\n\t<\/div>\r\n\t\t\t\t\t<div class=\"w-form-row for_message required\">\r\n\t<div class=\"w-form-row-label\">\r\n\t\t<label for=\"us_form_1_message\"><\/label>\r\n\t<\/div>\r\n\t<div class=\"w-form-row-field\">\r\n\t\t\t\t<textarea name=\"message\" id=\"us_form_1_message\" cols=\"30\" rows=\"10\" placeholder=\"Mensaje *\"\r\n\t\t\t data-required=\"true\" aria-required=\"true\"><\/textarea>\r\n\t\t<span class=\"w-form-row-field-bar\"><\/span>\r\n\t\t\t<\/div>\r\n\t<div class=\"w-form-row-state\"><\/div>\r\n\t<\/div>\r\n\t\t\t\t\t<div class=\"w-form-row for_captcha required\">\r\n\t<div class=\"w-form-row-label\">\r\n\t\t<label for=\"us_form_1_captcha\">Demuestra que eres un humano. Por favor, resuelve la operaci\u00f3n: 20 + 15 <span class=\"required\">*<\/span><\/label>\r\n\t<\/div>\r\n\t<div class=\"w-form-row-field\">\r\n\t\t\t\t<input type=\"hidden\" name=\"captcha_hash\" value=\"22c1ac79aba3611e583ee769f602d0f3\"\/>\r\n\t\t<input type=\"text\" name=\"captcha\" id=\"us_form_1_captcha\" value=\"\"\r\n\t\t       data-required=\"1\" placeholder=\"\" aria-required=\"true\" \/>\r\n\t\t<span class=\"w-form-row-field-bar\"><\/span>\r\n\t\t\t<\/div>\r\n\t<div class=\"w-form-row-state\"><\/div>\r\n\t<\/div>\r\n\t\t\t\t\t<input type=\"hidden\" name=\"action\" value=\"us_ajax_cform\"\/>\r\n\t\t\t\t\t<input type=\"hidden\" name=\"post_id\" value=\"912\"\/>\r\n\t\t\t\t\t<input type=\"hidden\" name=\"form_index\" value=\"1\"\/>\r\n\t\t\t\t\t<div class=\"w-form-row for_submit\">\r\n\t<div class=\"w-form-row-field\">\r\n\t\t<button class=\"w-btn size_medium color_primary style_solid\" type=\"submit\"><span class=\"g-preloader type_1\"><\/span><span class=\"w-btn-label\">Enviar mensaje<\/span><\/button>\r\n\t<\/div>\r\n<\/div>\r\n\t\t\t\t<div class=\"w-form-message\"><\/div>\r\n\t\t\t<\/form>\r\n\t\t\t<div class=\"w-form-json hidden\" onclick='return {\"ajaxurl\":\"https:\\\/\\\/elmensajedelasflores.com\\\/wp-admin\\\/admin-ajax.php\",\"success\":\"\\u00a1Gracias! Tu mensaje ha sido enviado correctamente.\",\"errors\":{\"name\":\"Por favor, introduce tu nombre\",\"email\":\"Por favor, introduce tu direcci\\u00f3n de correo electr\\u00f3nico\",\"phone\":\"Por favor, introduce tu n\\u00famero de tel\\u00e9fono\",\"message\":\"Por favor, introduce un mensaje\",\"captcha\":\"Por favor, introduce el resultado de la operaci\\u00f3n\"}}'><\/div>\r\n\t<\/div>\r\n<\/div><\/div><\/div><\/section><section class=\"l-section wpb_row height_medium\"><div class=\"l-section-h g-html i-cf\"><div class=\"g-cols offset_small\"><div class=\" full-width bg-secciones pd-2 redondeado\"><div class=\"w-socials size_medium align_center style_desaturated index_1\"><div class=\"w-socials-list\"><div class=\"w-socials-item facebook\">\r\n\t\t\t\t<a class=\"w-socials-item-link\" target=\"_blank\" href=\"https:\/\/www.facebook.com\/ElMensajeDeLasFlores\/\">\r\n\t\t\t\t\t<span class=\"w-socials-item-link-hover\"><\/span>\r\n\t\t\t\t<\/a>\r\n\t\t\t\t<div class=\"w-socials-item-popup\">\r\n\t\t\t\t\t<span>Facebook<\/span>\r\n\t\t\t\t<\/div>\r\n\t\t\t<\/div><div class=\"w-socials-item instagram\">\r\n\t\t\t\t<a class=\"w-socials-item-link\" target=\"_blank\" href=\"https:\/\/www.instagram.com\/elmensajedelasflores\/\">\r\n\t\t\t\t\t<span class=\"w-socials-item-link-hover\"><\/span>\r\n\t\t\t\t<\/a>\r\n\t\t\t\t<div class=\"w-socials-item-popup\">\r\n\t\t\t\t\t<span>Instagram<\/span>\r\n\t\t\t\t<\/div>\r\n\t\t\t<\/div><\/div><\/div><\/div><\/div><\/div><\/section><section class=\"l-section wpb_row height_medium\"><div class=\"l-section-h g-html i-cf\"><div class=\"g-cols offset_small\"><div class=\" full-width bg-secciones  pd-2 redondeado\"><div class=\"wpb_text_column \"><div class=\"wpb_wrapper\">\n<p class=\"custom texto_tyc\"><strong>Puedes consultar nuestros t\u00e9rminos y condiciones\u00a0<a class=\"custom-link\" href=\"https:\/\/elmensajedelasflores.com\/index.php\/terminos-y-condiciones\/\" target=\"_blank\" rel=\"noopener\">aqu\u00ed<\/a><\/strong><\/p>\n<\/div> <\/div> <\/div><\/div><\/div><\/section>\n","protected":false},"excerpt":{"rendered":"CONTACTO Calle Camino de Humanes 33 Locales 3 y 4 M\u00f3stoles910466436 \/ 680169788info.elmensajedelasflores@gmail.com En Florister\u00edas El Mensaje de las Flores estamos deseando poder ayudarte. Contamos con nuestra florister\u00eda en M\u00f3stoles \u2026 \u00a1Ven a visitarnos! Env\u00edos a domicilio. Demuestra que eres un humano. Por favor, resuelve la operaci\u00f3n: 27 - 12 * Enviar mensaje Facebook Instagram...","protected":false},"author":1,"featured_media":0,"parent":0,"menu_order":0,"comment_status":"closed","ping_status":"closed","template":"","meta":{"jetpack_post_was_ever_published":false,"footnotes":""},"class_list":["post-912","page","type-page","status-publish","hentry"],"yoast_head":"<!-- This site is optimized with the Yoast SEO plugin v26.7 - https:\/\/yoast.com\/wordpress\/plugins\/seo\/ -->\n<title>P\u00e1gina de Contacto - El Mensaje de las Flores<\/title>\n<meta name=\"description\" content=\"Visita nuestra p\u00e1gina de contacto para conocernos y hacernos una sugerencia o consulta. Encuentra nuestra direcci\u00f3n y tel\u00e9fono.\" \/>\n<meta name=\"robots\" content=\"index, follow, max-snippet:-1, max-image-preview:large, max-video-preview:-1\" \/>\n<link rel=\"canonical\" href=\"https:\/\/elmensajedelasflores.com\/index.php\/pagina-de-contacto\/\" \/>\n<meta property=\"og:locale\" content=\"es_ES\" \/>\n<meta property=\"og:type\" content=\"article\" \/>\n<meta property=\"og:title\" content=\"P\u00e1gina de Contacto - El Mensaje de las Flores\" \/>\n<meta property=\"og:description\" content=\"Visita nuestra p\u00e1gina de contacto para conocernos y hacernos una sugerencia o consulta. Encuentra nuestra direcci\u00f3n y tel\u00e9fono.\" \/>\n<meta property=\"og:url\" content=\"https:\/\/elmensajedelasflores.com\/index.php\/pagina-de-contacto\/\" \/>\n<meta property=\"og:site_name\" content=\"El Mensaje de las Flores\" \/>\n<meta property=\"article:publisher\" content=\"https:\/\/www.facebook.com\/ElMensajeDeLasFlores\/\" \/>\n<meta property=\"article:modified_time\" content=\"2025-04-05T19:17:21+00:00\" \/>\n<meta name=\"twitter:card\" content=\"summary_large_image\" \/>\n<meta name=\"twitter:label1\" content=\"Tiempo de lectura\" \/>\n\t<meta name=\"twitter:data1\" content=\"1 minuto\" \/>\n<script type=\"application\/ld+json\" class=\"yoast-schema-graph\">{\"@context\":\"https:\/\/schema.org\",\"@graph\":[{\"@type\":\"WebPage\",\"@id\":\"https:\/\/elmensajedelasflores.com\/index.php\/pagina-de-contacto\/\",\"url\":\"https:\/\/elmensajedelasflores.com\/index.php\/pagina-de-contacto\/\",\"name\":\"P\u00e1gina de Contacto - El Mensaje de las Flores\",\"isPartOf\":{\"@id\":\"https:\/\/elmensajedelasflores.com\/#website\"},\"datePublished\":\"2017-04-29T21:40:39+00:00\",\"dateModified\":\"2025-04-05T19:17:21+00:00\",\"description\":\"Visita nuestra p\u00e1gina de contacto para conocernos y hacernos una sugerencia o consulta. Encuentra nuestra direcci\u00f3n y tel\u00e9fono.\",\"breadcrumb\":{\"@id\":\"https:\/\/elmensajedelasflores.com\/index.php\/pagina-de-contacto\/#breadcrumb\"},\"inLanguage\":\"es\",\"potentialAction\":[{\"@type\":\"ReadAction\",\"target\":[\"https:\/\/elmensajedelasflores.com\/index.php\/pagina-de-contacto\/\"]}]},{\"@type\":\"BreadcrumbList\",\"@id\":\"https:\/\/elmensajedelasflores.com\/index.php\/pagina-de-contacto\/#breadcrumb\",\"itemListElement\":[{\"@type\":\"ListItem\",\"position\":1,\"name\":\"Portada\",\"item\":\"https:\/\/elmensajedelasflores.com\/\"},{\"@type\":\"ListItem\",\"position\":2,\"name\":\"Contacto\"}]},{\"@type\":\"WebSite\",\"@id\":\"https:\/\/elmensajedelasflores.com\/#website\",\"url\":\"https:\/\/elmensajedelasflores.com\/\",\"name\":\"El Mensaje de las Flores\",\"description\":\"Florister\u00eda en M\u00f3stoles\",\"publisher\":{\"@id\":\"https:\/\/elmensajedelasflores.com\/#organization\"},\"potentialAction\":[{\"@type\":\"SearchAction\",\"target\":{\"@type\":\"EntryPoint\",\"urlTemplate\":\"https:\/\/elmensajedelasflores.com\/?s={search_term_string}\"},\"query-input\":{\"@type\":\"PropertyValueSpecification\",\"valueRequired\":true,\"valueName\":\"search_term_string\"}}],\"inLanguage\":\"es\"},{\"@type\":\"Organization\",\"@id\":\"https:\/\/elmensajedelasflores.com\/#organization\",\"name\":\"El mensaje de las flores\",\"url\":\"https:\/\/elmensajedelasflores.com\/\",\"logo\":{\"@type\":\"ImageObject\",\"inLanguage\":\"es\",\"@id\":\"https:\/\/elmensajedelasflores.com\/#\/schema\/logo\/image\/\",\"url\":\"https:\/\/elmensajedelasflores.com\/wp-content\/uploads\/2019\/07\/logo-e1740401392373.jpg\",\"contentUrl\":\"https:\/\/elmensajedelasflores.com\/wp-content\/uploads\/2019\/07\/logo-e1740401392373.jpg\",\"width\":367,\"height\":237,\"caption\":\"El mensaje de las flores\"},\"image\":{\"@id\":\"https:\/\/elmensajedelasflores.com\/#\/schema\/logo\/image\/\"},\"sameAs\":[\"https:\/\/www.facebook.com\/ElMensajeDeLasFlores\/\",\"https:\/\/www.instagram.com\/el_mensaje_de_las_flores\/\"]}]}<\/script>\n<!-- \/ Yoast SEO plugin. -->","yoast_head_json":{"title":"P\u00e1gina de Contacto - El Mensaje de las Flores","description":"Visita nuestra p\u00e1gina de contacto para conocernos y hacernos una sugerencia o consulta. Encuentra nuestra direcci\u00f3n y tel\u00e9fono.","robots":{"index":"index","follow":"follow","max-snippet":"max-snippet:-1","max-image-preview":"max-image-preview:large","max-video-preview":"max-video-preview:-1"},"canonical":"https:\/\/elmensajedelasflores.com\/index.php\/pagina-de-contacto\/","og_locale":"es_ES","og_type":"article","og_title":"P\u00e1gina de Contacto - El Mensaje de las Flores","og_description":"Visita nuestra p\u00e1gina de contacto para conocernos y hacernos una sugerencia o consulta. Encuentra nuestra direcci\u00f3n y tel\u00e9fono.","og_url":"https:\/\/elmensajedelasflores.com\/index.php\/pagina-de-contacto\/","og_site_name":"El Mensaje de las Flores","article_publisher":"https:\/\/www.facebook.com\/ElMensajeDeLasFlores\/","article_modified_time":"2025-04-05T19:17:21+00:00","twitter_card":"summary_large_image","twitter_misc":{"Tiempo de lectura":"1 minuto"},"schema":{"@context":"https:\/\/schema.org","@graph":[{"@type":"WebPage","@id":"https:\/\/elmensajedelasflores.com\/index.php\/pagina-de-contacto\/","url":"https:\/\/elmensajedelasflores.com\/index.php\/pagina-de-contacto\/","name":"P\u00e1gina de Contacto - El Mensaje de las Flores","isPartOf":{"@id":"https:\/\/elmensajedelasflores.com\/#website"},"datePublished":"2017-04-29T21:40:39+00:00","dateModified":"2025-04-05T19:17:21+00:00","description":"Visita nuestra p\u00e1gina de contacto para conocernos y hacernos una sugerencia o consulta. Encuentra nuestra direcci\u00f3n y tel\u00e9fono.","breadcrumb":{"@id":"https:\/\/elmensajedelasflores.com\/index.php\/pagina-de-contacto\/#breadcrumb"},"inLanguage":"es","potentialAction":[{"@type":"ReadAction","target":["https:\/\/elmensajedelasflores.com\/index.php\/pagina-de-contacto\/"]}]},{"@type":"BreadcrumbList","@id":"https:\/\/elmensajedelasflores.com\/index.php\/pagina-de-contacto\/#breadcrumb","itemListElement":[{"@type":"ListItem","position":1,"name":"Portada","item":"https:\/\/elmensajedelasflores.com\/"},{"@type":"ListItem","position":2,"name":"Contacto"}]},{"@type":"WebSite","@id":"https:\/\/elmensajedelasflores.com\/#website","url":"https:\/\/elmensajedelasflores.com\/","name":"El Mensaje de las Flores","description":"Florister\u00eda en M\u00f3stoles","publisher":{"@id":"https:\/\/elmensajedelasflores.com\/#organization"},"potentialAction":[{"@type":"SearchAction","target":{"@type":"EntryPoint","urlTemplate":"https:\/\/elmensajedelasflores.com\/?s={search_term_string}"},"query-input":{"@type":"PropertyValueSpecification","valueRequired":true,"valueName":"search_term_string"}}],"inLanguage":"es"},{"@type":"Organization","@id":"https:\/\/elmensajedelasflores.com\/#organization","name":"El mensaje de las flores","url":"https:\/\/elmensajedelasflores.com\/","logo":{"@type":"ImageObject","inLanguage":"es","@id":"https:\/\/elmensajedelasflores.com\/#\/schema\/logo\/image\/","url":"https:\/\/elmensajedelasflores.com\/wp-content\/uploads\/2019\/07\/logo-e1740401392373.jpg","contentUrl":"https:\/\/elmensajedelasflores.com\/wp-content\/uploads\/2019\/07\/logo-e1740401392373.jpg","width":367,"height":237,"caption":"El mensaje de las flores"},"image":{"@id":"https:\/\/elmensajedelasflores.com\/#\/schema\/logo\/image\/"},"sameAs":["https:\/\/www.facebook.com\/ElMensajeDeLasFlores\/","https:\/\/www.instagram.com\/el_mensaje_de_las_flores\/"]}]}},"jetpack_sharing_enabled":true,"jetpack_shortlink":"https:\/\/wp.me\/P9XC7n-eI","_links":{"self":[{"href":"https:\/\/elmensajedelasflores.com\/index.php\/wp-json\/wp\/v2\/pages\/912","targetHints":{"allow":["GET"]}}],"collection":[{"href":"https:\/\/elmensajedelasflores.com\/index.php\/wp-json\/wp\/v2\/pages"}],"about":[{"href":"https:\/\/elmensajedelasflores.com\/index.php\/wp-json\/wp\/v2\/types\/page"}],"author":[{"embeddable":true,"href":"https:\/\/elmensajedelasflores.com\/index.php\/wp-json\/wp\/v2\/users\/1"}],"replies":[{"embeddable":true,"href":"https:\/\/elmensajedelasflores.com\/index.php\/wp-json\/wp\/v2\/comments?post=912"}],"version-history":[{"count":27,"href":"https:\/\/elmensajedelasflores.com\/index.php\/wp-json\/wp\/v2\/pages\/912\/revisions"}],"predecessor-version":[{"id":2657,"href":"https:\/\/elmensajedelasflores.com\/index.php\/wp-json\/wp\/v2\/pages\/912\/revisions\/2657"}],"wp:attachment":[{"href":"https:\/\/elmensajedelasflores.com\/index.php\/wp-json\/wp\/v2\/media?parent=912"}],"curies":[{"name":"wp","href":"https:\/\/api.w.org\/{rel}","templated":true}]}}